{"id":2752,"date":"2020-01-28T20:50:56","date_gmt":"2020-01-28T19:50:56","guid":{"rendered":"https:\/\/corteospitale.org\/site\/?page_id=2752"},"modified":"2026-01-12T12:47:48","modified_gmt":"2026-01-12T10:47:48","slug":"chi-siamo","status":"publish","type":"page","link":"https:\/\/corteospitale.org\/site\/it\/chi-siamo\/","title":{"rendered":"Chi siamo"},"content":{"rendered":"<h1 style=\"text-align: left;\">LA CORTE OSPITALE<strong><br><\/strong>produzione, residenza, promozione, formazione, ricerca per il teatro<\/h1>\r\n<p>&nbsp;<\/p>\r\n<p><!-- \/wp:post-content -->\r\n\r\n<!-- wp:paragraph --><\/p>\r\n<p><em>La Corte Ospitale \u00e8 uno <strong>spazio aperto e abitato<\/strong> che vuole essere un generatore di processi creativi e culturali, sia per gli artisti che produce e ospita in residenza, sia per il territorio che la circonda.<\/em><\/p>\r\n<p><em><br><\/em><strong><em>Per gli artisti<\/em><\/strong><em> siamo un luogo protetto, una casa-fucina creativa e libera in cui creare, sperimentare e scambiare. Con un\u2019attenzione specifica alla drammaturgia contemporanea e ai nuovi linguaggi della scena, siamo punto di riferimento per le giovani compagnie di cui accompagniamo e sosteniamo i processi creativi, nell\u2019ottica di scoprire nuovi talenti e favorire il ricambio generazionale.<\/em><\/p>\r\n<p><em><br><strong>Per la comunit\u00e0<\/strong> vogliamo essere un luogo aperto, contemporaneamente protetto e sfidante, dove aggregarsi, riconoscersi e confrontarsi.<\/em><\/p>\r\n<p><em><br><\/em><em>Crediamo che <strong>l\u2019intreccio tra artisti e territorio<\/strong> possa essere nutriente per entrambi, in un\u2019ottica di incontro e scambio reciproco.<\/em><\/p>\r\n<p>&nbsp;<\/p>\r\n<hr>\r\n<p>&nbsp;<\/p>\r\n<p><strong>La Corte Ospitale<\/strong>&nbsp;\u00e8 un\u2019<strong>impresa di produzione teatrale<\/strong>&nbsp;attenta alla drammaturgia contemporanea e ai nuovi linguaggi della scena e<strong>&nbsp;Centro di Residenza dell\u2019Emilia-Romagna<\/strong>.<\/p>\r\n<p>Il centro ha sede a Rubiera, in provincia di Reggio Emilia, all\u2019interno di un complesso monumentale del XVI secolo adibito nel 2000 a polo culturale a seguito di un attento restauro.<br>All\u2019interno della Corte Ospitale, un tempo luogo di cure e ristoro per i pellegrini in viaggio verso Roma, si trovano <strong>quattro sale prova<\/strong>, <strong>una foresteria<\/strong>&nbsp;con circa <strong>settanta posti letto<\/strong>&nbsp;e una <strong>cucina attrezzata<\/strong>. La Corte Ospitale si configura quindi quale <strong>luogo ideale per la produzione e la residenza teatrale, grazie anche allo scambio e al dialogo che si crea tra gli artisti in residenza<\/strong>.<\/p>\r\n<p>La Corte Ospitale \u00e8 un\u2019<strong>impresa di produzione teatrale riconosciuta dal Ministero della Cultura <\/strong>(art. 13 comma 3 -impresa di produzione di teatro di innovazione nell\u2019ambito della sperimentazione- DM 27 luglio 2017) e dalla<strong>&nbsp;Regione Emilia-Romagna<\/strong> (LR 13\/99 attivit\u00e0 di produzione e distribuzione). Forte \u00e8 il sostegno a nuove azioni di cura che mettano al centro del progetto le giovani esperienze artistiche. Gli artisti prodotti e distribuiti dalla Corte Ospitale sono <strong>Giuliana Musso<\/strong>, <strong>Oscar De Summa<\/strong>, <strong>Babilonia Teatri,<\/strong>&nbsp;<strong>Francesco Alberici, Ermelinda Nasuto,<\/strong> <strong>Usine Baug, Giulio Santolini, BumBumFritz, <\/strong><strong>Niccol\u00f2 Fettarappa e Lorenzo Maragoni, Mario Scandale,<\/strong> <strong>Matilde Vigna, Caroline Baglioni\/Michelangelo Bellani, Alice Sinigaglia e Diego Pleuteri, Fabiana Iacozzilli, Silvia Gribaudi <\/strong>a cui ogni anno sia aggiungiongono nuove collaborazioni, grazie alle quali il centro prosegue nella direzione della <strong>sperimentazione dei nuovi linguaggi, per l\u2019innovazione della scena teatrale contemporanea, con particolare attenzione all\u2019accompagnamento dei nuovi talenti, in favore del ricambio generazionale<\/strong>.<\/p>\r\n<p>Gli artisti e i progetti sostenuti sono stati insigniti di numerosi e prestigiosi premi, tra cui segnaliamo i pi\u00f9 recenti: Madri di Diego Pleuteri in nomination agli UBU 2025 come miglior test italiano, Valentina Picello, interprete in Madri, vincitrice dei Premi UBU 2025 come migliore attrice e Premio ANCT 2025, anche per l\u2019interpretazione di Madri. Il Gande Vuoto di Fabiana Iacozzilli con 4 candidature ai Premi UBU 2024, Alessandro Bay Rossi premio UBU 2022 come miglior attore\/performer under 35; La Gloria, produzione 2021, 3 nomination ai Premi UBU 2021 (Nomination UBU 2021 per la categoria Nuovo testo italiano; Marina Occhionero e Alessandro Bay Rossi in nomination UBU 2021 come miglior attrice\/attore under 35); Giuliana Musso \u00e8 Premio ANCT 2021, Premio Hystrio alla drammaturgia 2017 e Mio eroe, produzione 2016, \u00e8 Premio Cassino Off 2017 ed \u00e8 tra i quattro testi italiani tradotti a New York all\u2019interno di Italian Playwright Project.<\/p>\r\n<p>Il progetto produttivo \u00e8 affiancato da un <strong>progetto di residenze artistiche<\/strong>, dal 2015 finanziato dal Ministero della Cultura e dalla Regione Emilia-Romagna, anche a sostegno delle nuove istanze creative. <strong>Nell\u2019autunno del 2018 la Corte Ospitale diventa Centro di Residenza dell\u2019Emilia-Romagna, in raggruppamento con L\u2019arboreto di Mondaino<\/strong>&nbsp;(art. 43 del D.M. del 17 luglio 2017). Il progetto residenziale ci permette di collocarci in una dimensione di osservatorio permanente, dove la sperimentazione, l\u2019ibridazione dei codici della scena, la contaminazione tra artisti e comunit\u00e0 di prossimit\u00e0, ci rendono una fucina permanente del teatro contemporaneo.<\/p>\r\n<p>L\u2019insieme degli spettacoli prodotti e in residenza danno vita ad una linea progettuale che connota la direzione intrapresa dal centro nell\u2019ottica della ricerca e della sperimentazione artistica.<\/p>\r\n<p>Dall\u2019autunno del 2015 la direzione \u00e8 affidata a <strong>Giulia Guerra<\/strong>.<\/p>\r\n<p>A luglio 2017 La Corte Ospitale ritira il <strong>Premio Nico Garrone 2017<\/strong>&nbsp;al progetto per aver saputo dare positivo impulso alla cultura teatrale.<\/p>\r\n<p>A dicembre 2020 riceve il <strong>premio della critica Hystrio Anct<\/strong>&nbsp;con la seguente motivazione \u201c<em>La Corte Ospitale di Rubiera ha saputo negli anni rinnovarsi e fare del proprio nome un\u2019azione estetica e poetica precisa e proiettata verso il nuovo. Immersa nella Padania Felix e sotto la guida di Giulia Guerra e di uno staff di battagliere ragazze, La Corte Ospitale sa essere uno spazio che incoraggia, fa crescere, cura i giovani pellegrini del teatro, li forma al viaggio, li incoraggia e crea occasioni perch\u00e9 l\u00ec gli artisti trovino casa, nel segno di un\u2019ospitalit\u00e0 d\u2019altri tempi. Spazio di creativit\u00e0 e spazio di progettualit\u00e0 che guardano al teatro in tutte le sue sfaccettature: La Corte Ospitale \u00e8 questo, un luogo aperto che sa generare intelligenza e bellezza, nonch\u00e9 costruire futuro. All\u2019apertura delle prospettive d\u2019azione si sposa la riservatezza, la chiusura propria di una corte che non vuol dire ignorare ci\u00f2 che accade fuori, ma tutelare ci\u00f2 che si \u00e8 deciso di far crescere e sostenere al suo interno<\/em>.\u201d<\/p>\r\n<p>La Corte Ospitale ha in gestione il <strong>Teatro Herberia di Rubiera<\/strong>, dove programma una stagione di prosa una rassegna di teatro ragazzi. Programma inoltre nel Chiostro della Corte Ospitale una rassegna estiva dal titolo<strong>&nbsp;L\u2019Emilia e una notte<\/strong>.<\/p>\r\n<p>La Corte Ospitale \u00e8 un\u2019associazione senza scopo di lucro, i cui soci sono il <strong>Comune di Rubiera<\/strong>, la <strong>Provincia di Reggio Emilia<\/strong>&nbsp;e<strong>&nbsp;Romagna Musica<\/strong>.<\/p>\r\n<p><!-- \/wp:paragraph --><\/p>","protected":false},"excerpt":{"rendered":"<p>LA CORTE OSPITALEproduzione, residenza, promozione, formazione, ricerca per il teatro &nbsp; La Corte Ospitale \u00e8 uno spazio aperto e abitato che vuole essere un generatore di processi creativi e culturali, sia per gli artisti che produce e ospita in residenza, &hellip;<\/p>\n","protected":false},"author":1,"featured_media":0,"parent":288,"menu_order":0,"comment_status":"closed","ping_status":"closed","template":"template_it_pagina_normale.php","meta":{"_acf_changed":false,"ngg_post_thumbnail":0,"footnotes":"","_links_to":"","_links_to_target":""},"class_list":["post-2752","page","type-page","status-publish","hentry"],"acf":[],"yoast_head":"<!-- This site is optimized with the Yoast SEO plugin v24.7 - https:\/\/yoast.com\/wordpress\/plugins\/seo\/ -->\n<title>Chi siamo - LA CORTE OSPITALE<\/title>\n<meta name=\"robots\" content=\"index, follow, max-snippet:-1, max-image-preview:large, max-video-preview:-1\" \/>\n<link rel=\"canonical\" href=\"https:\/\/corteospitale.org\/site\/it\/chi-siamo\/\" \/>\n<meta property=\"og:locale\" content=\"it_IT\" \/>\n<meta property=\"og:type\" content=\"article\" \/>\n<meta property=\"og:title\" content=\"Chi siamo - LA CORTE OSPITALE\" \/>\n<meta property=\"og:description\" content=\"LA CORTE OSPITALEproduzione, residenza, promozione, formazione, ricerca per il teatro &nbsp; La Corte Ospitale \u00e8 uno spazio aperto e abitato che vuole essere un generatore di processi creativi e culturali, sia per gli artisti che produce e ospita in residenza, &hellip;\" \/>\n<meta property=\"og:url\" content=\"https:\/\/corteospitale.org\/site\/it\/chi-siamo\/\" \/>\n<meta property=\"og:site_name\" content=\"LA CORTE OSPITALE\" \/>\n<meta property=\"article:publisher\" content=\"https:\/\/www.facebook.com\/corteospitale\" \/>\n<meta property=\"article:modified_time\" content=\"2026-01-12T10:47:48+00:00\" \/>\n<meta name=\"twitter:card\" content=\"summary_large_image\" \/>\n<meta name=\"twitter:label1\" content=\"Tempo di lettura stimato\" \/>\n\t<meta name=\"twitter:data1\" content=\"4 minuti\" \/>\n<script type=\"application\/ld+json\" class=\"yoast-schema-graph\">{\"@context\":\"https:\/\/schema.org\",\"@graph\":[{\"@type\":\"WebPage\",\"@id\":\"https:\/\/corteospitale.org\/site\/it\/chi-siamo\/\",\"url\":\"https:\/\/corteospitale.org\/site\/it\/chi-siamo\/\",\"name\":\"Chi siamo - LA CORTE OSPITALE\",\"isPartOf\":{\"@id\":\"https:\/\/corteospitale.org\/site\/#website\"},\"datePublished\":\"2020-01-28T19:50:56+00:00\",\"dateModified\":\"2026-01-12T10:47:48+00:00\",\"breadcrumb\":{\"@id\":\"https:\/\/corteospitale.org\/site\/it\/chi-siamo\/#breadcrumb\"},\"inLanguage\":\"it-IT\",\"potentialAction\":[{\"@type\":\"ReadAction\",\"target\":[\"https:\/\/corteospitale.org\/site\/it\/chi-siamo\/\"]}]},{\"@type\":\"BreadcrumbList\",\"@id\":\"https:\/\/corteospitale.org\/site\/it\/chi-siamo\/#breadcrumb\",\"itemListElement\":[{\"@type\":\"ListItem\",\"position\":1,\"name\":\"Home\",\"item\":\"https:\/\/corteospitale.org\/site\/\"},{\"@type\":\"ListItem\",\"position\":2,\"name\":\"it\",\"item\":\"https:\/\/corteospitale.org\/site\/it\/\"},{\"@type\":\"ListItem\",\"position\":3,\"name\":\"Chi siamo\"}]},{\"@type\":\"WebSite\",\"@id\":\"https:\/\/corteospitale.org\/site\/#website\",\"url\":\"https:\/\/corteospitale.org\/site\/\",\"name\":\"LA CORTE OSPITALE\",\"description\":\"\",\"publisher\":{\"@id\":\"https:\/\/corteospitale.org\/site\/#organization\"},\"potentialAction\":[{\"@type\":\"SearchAction\",\"target\":{\"@type\":\"EntryPoint\",\"urlTemplate\":\"https:\/\/corteospitale.org\/site\/?s={search_term_string}\"},\"query-input\":{\"@type\":\"PropertyValueSpecification\",\"valueRequired\":true,\"valueName\":\"search_term_string\"}}],\"inLanguage\":\"it-IT\"},{\"@type\":\"Organization\",\"@id\":\"https:\/\/corteospitale.org\/site\/#organization\",\"name\":\"Corte Ospitale\",\"url\":\"https:\/\/corteospitale.org\/site\/\",\"logo\":{\"@type\":\"ImageObject\",\"inLanguage\":\"it-IT\",\"@id\":\"https:\/\/corteospitale.org\/site\/#\/schema\/logo\/image\/\",\"url\":\"\",\"contentUrl\":\"\",\"caption\":\"Corte Ospitale\"},\"image\":{\"@id\":\"https:\/\/corteospitale.org\/site\/#\/schema\/logo\/image\/\"},\"sameAs\":[\"https:\/\/www.facebook.com\/corteospitale\",\"https:\/\/www.instagram.com\/corteospitale\/\",\"https:\/\/www.youtube.com\/user\/LaCorteOspitale1\"]}]}<\/script>\n<!-- \/ Yoast SEO plugin. -->","yoast_head_json":{"title":"Chi siamo - LA CORTE OSPITALE","robots":{"index":"index","follow":"follow","max-snippet":"max-snippet:-1","max-image-preview":"max-image-preview:large","max-video-preview":"max-video-preview:-1"},"canonical":"https:\/\/corteospitale.org\/site\/it\/chi-siamo\/","og_locale":"it_IT","og_type":"article","og_title":"Chi siamo - LA CORTE OSPITALE","og_description":"LA CORTE OSPITALEproduzione, residenza, promozione, formazione, ricerca per il teatro &nbsp; La Corte Ospitale \u00e8 uno spazio aperto e abitato che vuole essere un generatore di processi creativi e culturali, sia per gli artisti che produce e ospita in residenza, &hellip;","og_url":"https:\/\/corteospitale.org\/site\/it\/chi-siamo\/","og_site_name":"LA CORTE OSPITALE","article_publisher":"https:\/\/www.facebook.com\/corteospitale","article_modified_time":"2026-01-12T10:47:48+00:00","twitter_card":"summary_large_image","twitter_misc":{"Tempo di lettura stimato":"4 minuti"},"schema":{"@context":"https:\/\/schema.org","@graph":[{"@type":"WebPage","@id":"https:\/\/corteospitale.org\/site\/it\/chi-siamo\/","url":"https:\/\/corteospitale.org\/site\/it\/chi-siamo\/","name":"Chi siamo - LA CORTE OSPITALE","isPartOf":{"@id":"https:\/\/corteospitale.org\/site\/#website"},"datePublished":"2020-01-28T19:50:56+00:00","dateModified":"2026-01-12T10:47:48+00:00","breadcrumb":{"@id":"https:\/\/corteospitale.org\/site\/it\/chi-siamo\/#breadcrumb"},"inLanguage":"it-IT","potentialAction":[{"@type":"ReadAction","target":["https:\/\/corteospitale.org\/site\/it\/chi-siamo\/"]}]},{"@type":"BreadcrumbList","@id":"https:\/\/corteospitale.org\/site\/it\/chi-siamo\/#breadcrumb","itemListElement":[{"@type":"ListItem","position":1,"name":"Home","item":"https:\/\/corteospitale.org\/site\/"},{"@type":"ListItem","position":2,"name":"it","item":"https:\/\/corteospitale.org\/site\/it\/"},{"@type":"ListItem","position":3,"name":"Chi siamo"}]},{"@type":"WebSite","@id":"https:\/\/corteospitale.org\/site\/#website","url":"https:\/\/corteospitale.org\/site\/","name":"LA CORTE OSPITALE","description":"","publisher":{"@id":"https:\/\/corteospitale.org\/site\/#organization"},"potentialAction":[{"@type":"SearchAction","target":{"@type":"EntryPoint","urlTemplate":"https:\/\/corteospitale.org\/site\/?s={search_term_string}"},"query-input":{"@type":"PropertyValueSpecification","valueRequired":true,"valueName":"search_term_string"}}],"inLanguage":"it-IT"},{"@type":"Organization","@id":"https:\/\/corteospitale.org\/site\/#organization","name":"Corte Ospitale","url":"https:\/\/corteospitale.org\/site\/","logo":{"@type":"ImageObject","inLanguage":"it-IT","@id":"https:\/\/corteospitale.org\/site\/#\/schema\/logo\/image\/","url":"","contentUrl":"","caption":"Corte Ospitale"},"image":{"@id":"https:\/\/corteospitale.org\/site\/#\/schema\/logo\/image\/"},"sameAs":["https:\/\/www.facebook.com\/corteospitale","https:\/\/www.instagram.com\/corteospitale\/","https:\/\/www.youtube.com\/user\/LaCorteOspitale1"]}]}},"_links":{"self":[{"href":"https:\/\/corteospitale.org\/site\/wp-json\/wp\/v2\/pages\/2752","targetHints":{"allow":["GET"]}}],"collection":[{"href":"https:\/\/corteospitale.org\/site\/wp-json\/wp\/v2\/pages"}],"about":[{"href":"https:\/\/corteospitale.org\/site\/wp-json\/wp\/v2\/types\/page"}],"author":[{"embeddable":true,"href":"https:\/\/corteospitale.org\/site\/wp-json\/wp\/v2\/users\/1"}],"replies":[{"embeddable":true,"href":"https:\/\/corteospitale.org\/site\/wp-json\/wp\/v2\/comments?post=2752"}],"version-history":[{"count":61,"href":"https:\/\/corteospitale.org\/site\/wp-json\/wp\/v2\/pages\/2752\/revisions"}],"predecessor-version":[{"id":11838,"href":"https:\/\/corteospitale.org\/site\/wp-json\/wp\/v2\/pages\/2752\/revisions\/11838"}],"up":[{"embeddable":true,"href":"https:\/\/corteospitale.org\/site\/wp-json\/wp\/v2\/pages\/288"}],"wp:attachment":[{"href":"https:\/\/corteospitale.org\/site\/wp-json\/wp\/v2\/media?parent=2752"}],"curies":[{"name":"wp","href":"https:\/\/api.w.org\/{rel}","templated":true}]}}