{"id":3453,"date":"2020-12-03T16:23:10","date_gmt":"2020-12-03T14:23:10","guid":{"rendered":"https:\/\/corteospitale.org\/site\/?page_id=3453"},"modified":"2021-03-31T13:57:17","modified_gmt":"2021-03-31T11:57:17","slug":"le-nostre-residenze","status":"publish","type":"page","link":"https:\/\/corteospitale.org\/site\/it\/le-nostre-residenze\/","title":{"rendered":"Le residenze"},"content":{"rendered":"<p><\/p>\r\n<h1>RESIDENZE ARTISTICHE<\/h1>\r\n<p>&nbsp;<\/p>\r\n<p><strong>La Corte Ospitale<\/strong> \u00e8 luogo privilegiato di creazione: la presenza di quattro sale prove e di una<strong> foresteria<\/strong> che pu\u00f2 ospitare contemporaneamente 70 persone (pre-Covid), la disponibilit\u00e0 di un <strong>teatro<\/strong> ristrutturato con moderne soluzioni tecniche e artistiche utili alla creazione (il Teatro Herberia, gestito grazie a una convenzione stipulata con il Comune di Rubiera), uno staff organizzativo, tecnico ed artistico sempre disponibile e in ascolto delle esigenze artistiche ed organizzative delle compagnie ospiti, la rendono un luogo unico in Italia per la creazione. Ogni anno La Corte Ospitale ospita un ricco progetto di residenze artistiche, tra compagnie e artisti.<\/p>\r\n<p style=\"padding-left: 40px;\"><em>Abbracciamo il senso di residenza non solo come cantiere di produzione per le compagnie ospiti, volto alla produzione e allestimento di uno spettacolo, ma anche come luogo privilegiato di ricerca, di sperimentazione dei confini dei rispettivi linguaggi di appartenenza, dove \u00e8 possibile prendersi un tempo di studio a cui compagnie e artisti hanno diritto per l\u2019evoluzione stessa del linguaggio e per il rinnovamento della scena teatrale contemporanea, nella direzione di una qualit\u00e0 artistica complessiva che i tempi di creazione di oggi spesso penalizzano.<\/em><\/p>\r\n<p>Per gli artisti ospitati la residenza \u00e8 un\u2019occasione di scambio, dialogo, confronto, crescita anche con il territorio.<\/p>\r\n<h2><strong>Dal 2018 La Corte Ospitale \u00e8 Centro di Residenza Emilia-Romagna insieme a L\u2019Arboreto-Teatro Dimora di Mondaino (art. 43 dal DM 27.7.2017), due realt\u00e0 storiche della regione che da molti anni lavorano sui processi creativi legati alle residenze.<\/strong><\/h2>\r\n<p>&nbsp;<\/p>\r\n<p>Il progetto residenziale comprende anche alcuni progetti specifici, tra i quali:<\/p>\r\n<p>\/\/ <strong>Forever Young<\/strong> \u00e8 il progetto residenziale per compagnie teatrali under 35 con il quale La Corte Ospitale intende offrire alle giovani compagnie italiane un\u2019opportunit\u00e0 di confronto con il palcoscenico e con le dinamiche dell\u2019allestimento teatrale, oltre a un sostegno concreto alla produzione. Il bando si conclude con due giornate di festival dove gli spettacoli vengono presentati in forma di anteprima. <br>2019\/2020 terza edizione<\/p>\r\n<p>\/\/ <strong>ERetici. Le strade dei teatri <\/strong> progetto biennale di residenze creative per comprendere e rilanciare le esigenze artistiche e organizzative di giovani artisti (singoli artisti e formazioni artistiche) under 28.<br>2020\/2021 seconda edizione<\/p>\r\n<p>&nbsp;<\/p>\r\n<p>Sono stati in residenza creativa presso La Corte Ospitale, tra gli altri, <em>Dario Fo, Massimo Castri, Moni Ovadia, Giorgio Rossi, Francesco Scavetta, Michele Abbondanza e Antonella Bertoni, Jurij Alschitz, Ruggero Cara, Corrado Augias, Simona Bucci, Fulvio Ianneo, Gabriele Vacis, Giulio Casale, Francesco Niccolini, Alessandro Benvenuti, Natalino Balasso, Claudio Longhi, Circo Magdaclan, Marco Paolini, Ascanio Celestini, Carrozzeria Orfeo, Marta Cuscun\u00e0, Il Mulino di Amleto, Circo Paniko, Piccola Compagnia Dammacco, Sotterraneo, Teatro Del Carretto<\/em>, e molti altri.<\/p>\r\n<p><\/p>","protected":false},"excerpt":{"rendered":"<p>RESIDENZE ARTISTICHE &nbsp; La Corte Ospitale \u00e8 luogo privilegiato di creazione: la presenza di quattro sale prove e di una foresteria che pu\u00f2 ospitare contemporaneamente 70 persone (pre-Covid), la disponibilit\u00e0 di un teatro ristrutturato con moderne soluzioni tecniche e artistiche &hellip;<\/p>\n","protected":false},"author":1,"featured_media":0,"parent":288,"menu_order":0,"comment_status":"closed","ping_status":"closed","template":"template_it_pagina_normale.php","meta":{"_acf_changed":false,"ngg_post_thumbnail":0,"footnotes":"","_links_to":"","_links_to_target":""},"class_list":["post-3453","page","type-page","status-publish","hentry"],"acf":[],"yoast_head":"<!-- This site is optimized with the Yoast SEO plugin v24.7 - https:\/\/yoast.com\/wordpress\/plugins\/seo\/ -->\n<title>Le residenze - LA CORTE OSPITALE<\/title>\n<meta name=\"robots\" content=\"index, follow, max-snippet:-1, max-image-preview:large, max-video-preview:-1\" \/>\n<link rel=\"canonical\" href=\"https:\/\/corteospitale.org\/site\/it\/le-nostre-residenze\/\" \/>\n<meta property=\"og:locale\" content=\"it_IT\" \/>\n<meta property=\"og:type\" content=\"article\" \/>\n<meta property=\"og:title\" content=\"Le residenze - LA CORTE OSPITALE\" \/>\n<meta property=\"og:description\" content=\"RESIDENZE ARTISTICHE &nbsp; La Corte Ospitale \u00e8 luogo privilegiato di creazione: la presenza di quattro sale prove e di una foresteria che pu\u00f2 ospitare contemporaneamente 70 persone (pre-Covid), la disponibilit\u00e0 di un teatro ristrutturato con moderne soluzioni tecniche e artistiche &hellip;\" \/>\n<meta property=\"og:url\" content=\"https:\/\/corteospitale.org\/site\/it\/le-nostre-residenze\/\" \/>\n<meta property=\"og:site_name\" content=\"LA CORTE OSPITALE\" \/>\n<meta property=\"article:publisher\" content=\"https:\/\/www.facebook.com\/corteospitale\" \/>\n<meta property=\"article:modified_time\" content=\"2021-03-31T11:57:17+00:00\" \/>\n<meta name=\"twitter:card\" content=\"summary_large_image\" \/>\n<meta name=\"twitter:label1\" content=\"Tempo di lettura stimato\" \/>\n\t<meta name=\"twitter:data1\" content=\"2 minuti\" \/>\n<script type=\"application\/ld+json\" class=\"yoast-schema-graph\">{\"@context\":\"https:\/\/schema.org\",\"@graph\":[{\"@type\":\"WebPage\",\"@id\":\"https:\/\/corteospitale.org\/site\/it\/le-nostre-residenze\/\",\"url\":\"https:\/\/corteospitale.org\/site\/it\/le-nostre-residenze\/\",\"name\":\"Le residenze - LA CORTE OSPITALE\",\"isPartOf\":{\"@id\":\"https:\/\/corteospitale.org\/site\/#website\"},\"datePublished\":\"2020-12-03T14:23:10+00:00\",\"dateModified\":\"2021-03-31T11:57:17+00:00\",\"breadcrumb\":{\"@id\":\"https:\/\/corteospitale.org\/site\/it\/le-nostre-residenze\/#breadcrumb\"},\"inLanguage\":\"it-IT\",\"potentialAction\":[{\"@type\":\"ReadAction\",\"target\":[\"https:\/\/corteospitale.org\/site\/it\/le-nostre-residenze\/\"]}]},{\"@type\":\"BreadcrumbList\",\"@id\":\"https:\/\/corteospitale.org\/site\/it\/le-nostre-residenze\/#breadcrumb\",\"itemListElement\":[{\"@type\":\"ListItem\",\"position\":1,\"name\":\"Home\",\"item\":\"https:\/\/corteospitale.org\/site\/\"},{\"@type\":\"ListItem\",\"position\":2,\"name\":\"it\",\"item\":\"https:\/\/corteospitale.org\/site\/it\/\"},{\"@type\":\"ListItem\",\"position\":3,\"name\":\"Le residenze\"}]},{\"@type\":\"WebSite\",\"@id\":\"https:\/\/corteospitale.org\/site\/#website\",\"url\":\"https:\/\/corteospitale.org\/site\/\",\"name\":\"LA CORTE OSPITALE\",\"description\":\"\",\"publisher\":{\"@id\":\"https:\/\/corteospitale.org\/site\/#organization\"},\"potentialAction\":[{\"@type\":\"SearchAction\",\"target\":{\"@type\":\"EntryPoint\",\"urlTemplate\":\"https:\/\/corteospitale.org\/site\/?s={search_term_string}\"},\"query-input\":{\"@type\":\"PropertyValueSpecification\",\"valueRequired\":true,\"valueName\":\"search_term_string\"}}],\"inLanguage\":\"it-IT\"},{\"@type\":\"Organization\",\"@id\":\"https:\/\/corteospitale.org\/site\/#organization\",\"name\":\"Corte Ospitale\",\"url\":\"https:\/\/corteospitale.org\/site\/\",\"logo\":{\"@type\":\"ImageObject\",\"inLanguage\":\"it-IT\",\"@id\":\"https:\/\/corteospitale.org\/site\/#\/schema\/logo\/image\/\",\"url\":\"\",\"contentUrl\":\"\",\"caption\":\"Corte Ospitale\"},\"image\":{\"@id\":\"https:\/\/corteospitale.org\/site\/#\/schema\/logo\/image\/\"},\"sameAs\":[\"https:\/\/www.facebook.com\/corteospitale\",\"https:\/\/www.instagram.com\/corteospitale\/\",\"https:\/\/www.youtube.com\/user\/LaCorteOspitale1\"]}]}<\/script>\n<!-- \/ Yoast SEO plugin. -->","yoast_head_json":{"title":"Le residenze - LA CORTE OSPITALE","robots":{"index":"index","follow":"follow","max-snippet":"max-snippet:-1","max-image-preview":"max-image-preview:large","max-video-preview":"max-video-preview:-1"},"canonical":"https:\/\/corteospitale.org\/site\/it\/le-nostre-residenze\/","og_locale":"it_IT","og_type":"article","og_title":"Le residenze - LA CORTE OSPITALE","og_description":"RESIDENZE ARTISTICHE &nbsp; La Corte Ospitale \u00e8 luogo privilegiato di creazione: la presenza di quattro sale prove e di una foresteria che pu\u00f2 ospitare contemporaneamente 70 persone (pre-Covid), la disponibilit\u00e0 di un teatro ristrutturato con moderne soluzioni tecniche e artistiche &hellip;","og_url":"https:\/\/corteospitale.org\/site\/it\/le-nostre-residenze\/","og_site_name":"LA CORTE OSPITALE","article_publisher":"https:\/\/www.facebook.com\/corteospitale","article_modified_time":"2021-03-31T11:57:17+00:00","twitter_card":"summary_large_image","twitter_misc":{"Tempo di lettura stimato":"2 minuti"},"schema":{"@context":"https:\/\/schema.org","@graph":[{"@type":"WebPage","@id":"https:\/\/corteospitale.org\/site\/it\/le-nostre-residenze\/","url":"https:\/\/corteospitale.org\/site\/it\/le-nostre-residenze\/","name":"Le residenze - LA CORTE OSPITALE","isPartOf":{"@id":"https:\/\/corteospitale.org\/site\/#website"},"datePublished":"2020-12-03T14:23:10+00:00","dateModified":"2021-03-31T11:57:17+00:00","breadcrumb":{"@id":"https:\/\/corteospitale.org\/site\/it\/le-nostre-residenze\/#breadcrumb"},"inLanguage":"it-IT","potentialAction":[{"@type":"ReadAction","target":["https:\/\/corteospitale.org\/site\/it\/le-nostre-residenze\/"]}]},{"@type":"BreadcrumbList","@id":"https:\/\/corteospitale.org\/site\/it\/le-nostre-residenze\/#breadcrumb","itemListElement":[{"@type":"ListItem","position":1,"name":"Home","item":"https:\/\/corteospitale.org\/site\/"},{"@type":"ListItem","position":2,"name":"it","item":"https:\/\/corteospitale.org\/site\/it\/"},{"@type":"ListItem","position":3,"name":"Le residenze"}]},{"@type":"WebSite","@id":"https:\/\/corteospitale.org\/site\/#website","url":"https:\/\/corteospitale.org\/site\/","name":"LA CORTE OSPITALE","description":"","publisher":{"@id":"https:\/\/corteospitale.org\/site\/#organization"},"potentialAction":[{"@type":"SearchAction","target":{"@type":"EntryPoint","urlTemplate":"https:\/\/corteospitale.org\/site\/?s={search_term_string}"},"query-input":{"@type":"PropertyValueSpecification","valueRequired":true,"valueName":"search_term_string"}}],"inLanguage":"it-IT"},{"@type":"Organization","@id":"https:\/\/corteospitale.org\/site\/#organization","name":"Corte Ospitale","url":"https:\/\/corteospitale.org\/site\/","logo":{"@type":"ImageObject","inLanguage":"it-IT","@id":"https:\/\/corteospitale.org\/site\/#\/schema\/logo\/image\/","url":"","contentUrl":"","caption":"Corte Ospitale"},"image":{"@id":"https:\/\/corteospitale.org\/site\/#\/schema\/logo\/image\/"},"sameAs":["https:\/\/www.facebook.com\/corteospitale","https:\/\/www.instagram.com\/corteospitale\/","https:\/\/www.youtube.com\/user\/LaCorteOspitale1"]}]}},"_links":{"self":[{"href":"https:\/\/corteospitale.org\/site\/wp-json\/wp\/v2\/pages\/3453","targetHints":{"allow":["GET"]}}],"collection":[{"href":"https:\/\/corteospitale.org\/site\/wp-json\/wp\/v2\/pages"}],"about":[{"href":"https:\/\/corteospitale.org\/site\/wp-json\/wp\/v2\/types\/page"}],"author":[{"embeddable":true,"href":"https:\/\/corteospitale.org\/site\/wp-json\/wp\/v2\/users\/1"}],"replies":[{"embeddable":true,"href":"https:\/\/corteospitale.org\/site\/wp-json\/wp\/v2\/comments?post=3453"}],"version-history":[{"count":12,"href":"https:\/\/corteospitale.org\/site\/wp-json\/wp\/v2\/pages\/3453\/revisions"}],"predecessor-version":[{"id":4978,"href":"https:\/\/corteospitale.org\/site\/wp-json\/wp\/v2\/pages\/3453\/revisions\/4978"}],"up":[{"embeddable":true,"href":"https:\/\/corteospitale.org\/site\/wp-json\/wp\/v2\/pages\/288"}],"wp:attachment":[{"href":"https:\/\/corteospitale.org\/site\/wp-json\/wp\/v2\/media?parent=3453"}],"curies":[{"name":"wp","href":"https:\/\/api.w.org\/{rel}","templated":true}]}}