{"id":3503,"date":"2020-12-03T16:35:59","date_gmt":"2020-12-03T14:35:59","guid":{"rendered":"https:\/\/corteospitale.org\/site\/?page_id=3503"},"modified":"2025-10-08T10:37:20","modified_gmt":"2025-10-08T08:37:20","slug":"biglietteria-teatro-herberia-corte-ospitale","status":"publish","type":"page","link":"https:\/\/corteospitale.org\/site\/it\/biglietteria-teatro-herberia-corte-ospitale\/","title":{"rendered":"Biglietteria"},"content":{"rendered":"<h1>Info e biglietteria STAGIONE DI PROSA 2025\/2026 \/TEATRO HERBERIA<\/h1>\n<p>&nbsp;<\/p>\n<div class=\"layoutArea\">\n<p>Biglietto intero&nbsp;<strong>\u20ac 16<br \/>\n<\/strong>Biglietto ridotto socio coop\/arci\/over 65\/docenti\/Utl&nbsp;<strong>\u20ac 14<\/strong><br \/>\nBiglietto ridotto under 25\/studenti universitari\/Carta Giovani Nazionale&nbsp;<strong>\u20ac 8<\/strong><\/p>\n<p><strong>ABBONAMENTI<\/strong><br \/>\n<strong>ALL<\/strong>&nbsp;a tutti gli spettacoli&nbsp;<strong>\u20ac 100<br \/>\n<\/strong><strong>ALL YOUNG<\/strong>&nbsp;riservato alla categoria ridotto under 25\/studenti universitari\/Carta Giovani Nazionale&nbsp;<strong>\u20ac 60<br \/>\nSMART<\/strong>&nbsp;a 5 spettacoli&nbsp;<strong>\u20ac 60<\/strong>&nbsp;(acquistabile 1 sola volta)<br \/>\n<strong>SMART YOUNG<\/strong>&nbsp;a 5 spettacoli&nbsp;<strong>\u20ac 35&nbsp;<\/strong>(riservato alla categoria ridotto under 25\/studenti universitari\/Carta Giovani Nazionale)<br \/>\n<strong>WOW&nbsp;<\/strong>pacchetto 3 spettacoli: con l\u2019acquisto di un biglietto intero per due spettacoli, il biglietto per il terzo \u00e8 al prezzo di 5 euro (acquistabile 2 volte)<\/p>\n<p><strong>Tutti gli spettacoli inizieranno alle ore 20:30.<\/strong><\/p>\n<p>La biglietteria del teatro \u00e8 aperta ogni sera di spettacolo a partire dalle ore 19.30.<\/p>\n<p>Biglietti disponibili su&nbsp;<a href=\"http:\/\/www.vivaticket.it\/\">www.vivaticket.it<\/a>.<\/p>\n<p>Fino al 17 ottobre 2025 \u00e8 possibile acquistare i biglietti e gli abbonamenti dal luned\u00ec al venerd\u00ec, dalle ore 9 alle ore 15, presso gli uffici di Corte Ospitale, in via Fontana 2 a Rubiera.<\/p>\n<p>Dal 20 ottobre 2025 la biglietteria in Corte Ospitale sar\u00e0 aperta il luned\u00ec dalle 9 alle 17 o previo appuntamento telefonico.<\/p>\n<p>Info e prenotazioni telefoniche dal luned\u00ec al venerd\u00ec dalle 10 alle 17 tel. 0522621133, via email&nbsp;<a href=\"mailto:biglietteria@corteospitale.org\">biglietteria@corteospitale.org<\/a>, WhatsApp 3282911077.&nbsp;<\/p>\n<\/div>\n<p><strong>Accessibilit\u00e0<\/strong><\/p>\n<p>Il Teatro Herberia \u00e8 in piazza Gramsci 1\/b a Rubiera. E\u2019 presente un ampio parcheggio limitrofo.&nbsp;<\/p>\n<p>&nbsp;<\/p>\n<p>&nbsp;<\/p>\n","protected":false},"excerpt":{"rendered":"<p>Info e biglietteria STAGIONE DI PROSA 2025\/2026 \/TEATRO HERBERIA &nbsp; Biglietto intero&nbsp;\u20ac 16 Biglietto ridotto socio coop\/arci\/over 65\/docenti\/Utl&nbsp;\u20ac 14 Biglietto ridotto under 25\/studenti universitari\/Carta Giovani Nazionale&nbsp;\u20ac 8 ABBONAMENTI ALL&nbsp;a tutti gli spettacoli&nbsp;\u20ac 100 ALL YOUNG&nbsp;riservato alla categoria ridotto under 25\/studenti &hellip;<\/p>\n","protected":false},"author":1,"featured_media":0,"parent":288,"menu_order":0,"comment_status":"closed","ping_status":"closed","template":"template_it_pagina_normale.php","meta":{"_acf_changed":false,"ngg_post_thumbnail":0,"footnotes":"","_links_to":"","_links_to_target":""},"class_list":["post-3503","page","type-page","status-publish","hentry"],"acf":[],"yoast_head":"<!-- This site is optimized with the Yoast SEO plugin v24.7 - https:\/\/yoast.com\/wordpress\/plugins\/seo\/ -->\n<title>Biglietteria - LA CORTE OSPITALE<\/title>\n<meta name=\"description\" content=\"Biglietteria Teatro Herberia, La Corte Ospitale, stagione 2024\/2025\" \/>\n<meta name=\"robots\" content=\"index, follow, max-snippet:-1, max-image-preview:large, max-video-preview:-1\" \/>\n<link rel=\"canonical\" href=\"https:\/\/corteospitale.org\/site\/it\/biglietteria-teatro-herberia-corte-ospitale\/\" \/>\n<meta property=\"og:locale\" content=\"it_IT\" \/>\n<meta property=\"og:type\" content=\"article\" \/>\n<meta property=\"og:title\" content=\"Biglietteria - LA CORTE OSPITALE\" \/>\n<meta property=\"og:description\" content=\"Biglietteria Teatro Herberia, La Corte Ospitale, stagione 2024\/2025\" \/>\n<meta property=\"og:url\" content=\"https:\/\/corteospitale.org\/site\/it\/biglietteria-teatro-herberia-corte-ospitale\/\" \/>\n<meta property=\"og:site_name\" content=\"LA CORTE OSPITALE\" \/>\n<meta property=\"article:publisher\" content=\"https:\/\/www.facebook.com\/corteospitale\" \/>\n<meta property=\"article:modified_time\" content=\"2025-10-08T08:37:20+00:00\" \/>\n<meta name=\"twitter:card\" content=\"summary_large_image\" \/>\n<meta name=\"twitter:label1\" content=\"Tempo di lettura stimato\" \/>\n\t<meta name=\"twitter:data1\" content=\"2 minuti\" \/>\n<script type=\"application\/ld+json\" class=\"yoast-schema-graph\">{\"@context\":\"https:\/\/schema.org\",\"@graph\":[{\"@type\":\"WebPage\",\"@id\":\"https:\/\/corteospitale.org\/site\/it\/biglietteria-teatro-herberia-corte-ospitale\/\",\"url\":\"https:\/\/corteospitale.org\/site\/it\/biglietteria-teatro-herberia-corte-ospitale\/\",\"name\":\"Biglietteria - LA CORTE OSPITALE\",\"isPartOf\":{\"@id\":\"https:\/\/corteospitale.org\/site\/#website\"},\"datePublished\":\"2020-12-03T14:35:59+00:00\",\"dateModified\":\"2025-10-08T08:37:20+00:00\",\"description\":\"Biglietteria Teatro Herberia, La Corte Ospitale, stagione 2024\/2025\",\"breadcrumb\":{\"@id\":\"https:\/\/corteospitale.org\/site\/it\/biglietteria-teatro-herberia-corte-ospitale\/#breadcrumb\"},\"inLanguage\":\"it-IT\",\"potentialAction\":[{\"@type\":\"ReadAction\",\"target\":[\"https:\/\/corteospitale.org\/site\/it\/biglietteria-teatro-herberia-corte-ospitale\/\"]}]},{\"@type\":\"BreadcrumbList\",\"@id\":\"https:\/\/corteospitale.org\/site\/it\/biglietteria-teatro-herberia-corte-ospitale\/#breadcrumb\",\"itemListElement\":[{\"@type\":\"ListItem\",\"position\":1,\"name\":\"Home\",\"item\":\"https:\/\/corteospitale.org\/site\/\"},{\"@type\":\"ListItem\",\"position\":2,\"name\":\"it\",\"item\":\"https:\/\/corteospitale.org\/site\/it\/\"},{\"@type\":\"ListItem\",\"position\":3,\"name\":\"Biglietteria\"}]},{\"@type\":\"WebSite\",\"@id\":\"https:\/\/corteospitale.org\/site\/#website\",\"url\":\"https:\/\/corteospitale.org\/site\/\",\"name\":\"LA CORTE OSPITALE\",\"description\":\"\",\"publisher\":{\"@id\":\"https:\/\/corteospitale.org\/site\/#organization\"},\"potentialAction\":[{\"@type\":\"SearchAction\",\"target\":{\"@type\":\"EntryPoint\",\"urlTemplate\":\"https:\/\/corteospitale.org\/site\/?s={search_term_string}\"},\"query-input\":{\"@type\":\"PropertyValueSpecification\",\"valueRequired\":true,\"valueName\":\"search_term_string\"}}],\"inLanguage\":\"it-IT\"},{\"@type\":\"Organization\",\"@id\":\"https:\/\/corteospitale.org\/site\/#organization\",\"name\":\"Corte Ospitale\",\"url\":\"https:\/\/corteospitale.org\/site\/\",\"logo\":{\"@type\":\"ImageObject\",\"inLanguage\":\"it-IT\",\"@id\":\"https:\/\/corteospitale.org\/site\/#\/schema\/logo\/image\/\",\"url\":\"\",\"contentUrl\":\"\",\"caption\":\"Corte Ospitale\"},\"image\":{\"@id\":\"https:\/\/corteospitale.org\/site\/#\/schema\/logo\/image\/\"},\"sameAs\":[\"https:\/\/www.facebook.com\/corteospitale\",\"https:\/\/www.instagram.com\/corteospitale\/\",\"https:\/\/www.youtube.com\/user\/LaCorteOspitale1\"]}]}<\/script>\n<!-- \/ Yoast SEO plugin. -->","yoast_head_json":{"title":"Biglietteria - LA CORTE OSPITALE","description":"Biglietteria Teatro Herberia, La Corte Ospitale, stagione 2024\/2025","robots":{"index":"index","follow":"follow","max-snippet":"max-snippet:-1","max-image-preview":"max-image-preview:large","max-video-preview":"max-video-preview:-1"},"canonical":"https:\/\/corteospitale.org\/site\/it\/biglietteria-teatro-herberia-corte-ospitale\/","og_locale":"it_IT","og_type":"article","og_title":"Biglietteria - LA CORTE OSPITALE","og_description":"Biglietteria Teatro Herberia, La Corte Ospitale, stagione 2024\/2025","og_url":"https:\/\/corteospitale.org\/site\/it\/biglietteria-teatro-herberia-corte-ospitale\/","og_site_name":"LA CORTE OSPITALE","article_publisher":"https:\/\/www.facebook.com\/corteospitale","article_modified_time":"2025-10-08T08:37:20+00:00","twitter_card":"summary_large_image","twitter_misc":{"Tempo di lettura stimato":"2 minuti"},"schema":{"@context":"https:\/\/schema.org","@graph":[{"@type":"WebPage","@id":"https:\/\/corteospitale.org\/site\/it\/biglietteria-teatro-herberia-corte-ospitale\/","url":"https:\/\/corteospitale.org\/site\/it\/biglietteria-teatro-herberia-corte-ospitale\/","name":"Biglietteria - LA CORTE OSPITALE","isPartOf":{"@id":"https:\/\/corteospitale.org\/site\/#website"},"datePublished":"2020-12-03T14:35:59+00:00","dateModified":"2025-10-08T08:37:20+00:00","description":"Biglietteria Teatro Herberia, La Corte Ospitale, stagione 2024\/2025","breadcrumb":{"@id":"https:\/\/corteospitale.org\/site\/it\/biglietteria-teatro-herberia-corte-ospitale\/#breadcrumb"},"inLanguage":"it-IT","potentialAction":[{"@type":"ReadAction","target":["https:\/\/corteospitale.org\/site\/it\/biglietteria-teatro-herberia-corte-ospitale\/"]}]},{"@type":"BreadcrumbList","@id":"https:\/\/corteospitale.org\/site\/it\/biglietteria-teatro-herberia-corte-ospitale\/#breadcrumb","itemListElement":[{"@type":"ListItem","position":1,"name":"Home","item":"https:\/\/corteospitale.org\/site\/"},{"@type":"ListItem","position":2,"name":"it","item":"https:\/\/corteospitale.org\/site\/it\/"},{"@type":"ListItem","position":3,"name":"Biglietteria"}]},{"@type":"WebSite","@id":"https:\/\/corteospitale.org\/site\/#website","url":"https:\/\/corteospitale.org\/site\/","name":"LA CORTE OSPITALE","description":"","publisher":{"@id":"https:\/\/corteospitale.org\/site\/#organization"},"potentialAction":[{"@type":"SearchAction","target":{"@type":"EntryPoint","urlTemplate":"https:\/\/corteospitale.org\/site\/?s={search_term_string}"},"query-input":{"@type":"PropertyValueSpecification","valueRequired":true,"valueName":"search_term_string"}}],"inLanguage":"it-IT"},{"@type":"Organization","@id":"https:\/\/corteospitale.org\/site\/#organization","name":"Corte Ospitale","url":"https:\/\/corteospitale.org\/site\/","logo":{"@type":"ImageObject","inLanguage":"it-IT","@id":"https:\/\/corteospitale.org\/site\/#\/schema\/logo\/image\/","url":"","contentUrl":"","caption":"Corte Ospitale"},"image":{"@id":"https:\/\/corteospitale.org\/site\/#\/schema\/logo\/image\/"},"sameAs":["https:\/\/www.facebook.com\/corteospitale","https:\/\/www.instagram.com\/corteospitale\/","https:\/\/www.youtube.com\/user\/LaCorteOspitale1"]}]}},"_links":{"self":[{"href":"https:\/\/corteospitale.org\/site\/wp-json\/wp\/v2\/pages\/3503","targetHints":{"allow":["GET"]}}],"collection":[{"href":"https:\/\/corteospitale.org\/site\/wp-json\/wp\/v2\/pages"}],"about":[{"href":"https:\/\/corteospitale.org\/site\/wp-json\/wp\/v2\/types\/page"}],"author":[{"embeddable":true,"href":"https:\/\/corteospitale.org\/site\/wp-json\/wp\/v2\/users\/1"}],"replies":[{"embeddable":true,"href":"https:\/\/corteospitale.org\/site\/wp-json\/wp\/v2\/comments?post=3503"}],"version-history":[{"count":33,"href":"https:\/\/corteospitale.org\/site\/wp-json\/wp\/v2\/pages\/3503\/revisions"}],"predecessor-version":[{"id":11446,"href":"https:\/\/corteospitale.org\/site\/wp-json\/wp\/v2\/pages\/3503\/revisions\/11446"}],"up":[{"embeddable":true,"href":"https:\/\/corteospitale.org\/site\/wp-json\/wp\/v2\/pages\/288"}],"wp:attachment":[{"href":"https:\/\/corteospitale.org\/site\/wp-json\/wp\/v2\/media?parent=3503"}],"curies":[{"name":"wp","href":"https:\/\/api.w.org\/{rel}","templated":true}]}}