{"id":4377,"date":"2021-02-25T11:55:41","date_gmt":"2021-02-25T09:55:41","guid":{"rendered":"https:\/\/corteospitale.org\/site\/?page_id=4377"},"modified":"2021-11-02T17:48:48","modified_gmt":"2021-11-02T15:48:48","slug":"erasmus","status":"publish","type":"page","link":"https:\/\/corteospitale.org\/site\/it\/erasmus\/","title":{"rendered":"Erasmus+ ARTES"},"content":{"rendered":"<h1>Erasmus+<\/h1>\n<p>&nbsp;<\/p>\n<h1>ARTES: Artist Residencies as a Tool for young Europeans\u2019 Social participation through creativity<\/h1>\n<p>&nbsp;<\/p>\n<p>Main partner: La Corte Ospitale<br \/>\nPartner: La Chartreuse de Neuville (FR), Le Grand Hornu (B)<\/p>\n<p>Dal&nbsp;<strong>10 al 20 ottobre 2021<\/strong>&nbsp;<strong>La Corte Ospitale<\/strong>&nbsp;<strong>ha aperto le porte all\u2019Europa<\/strong>&nbsp;grazie ad <strong>ARTES \u2013 Artist Residencies as a Tool for young Europeans\u2019 Social participation through creativity, il progetto Erasmus+ che ha dato la possibilit\u00e0 a<\/strong>&nbsp;<strong>26 ragazzi<\/strong>&nbsp;provenienti da Italia, Francia e Belgio di condividere insieme l\u2019<strong>esperienza della residenza artistica.<\/strong><\/p>\n<p><strong>ARTES, finanziato dal programma dell\u2019Unione Europea Erasmus+,&nbsp;<\/strong>ha origine dalla volont\u00e0 de La Corte Ospitale (IT), La Chartreuse de Neuville (FR), Le Grand Hornu (BEL), di&nbsp;<strong>coinvolgere i giovani in un percorso artistico-creativo orientato alla sperimentazione, al confronto diretto e alla progettazione partecipata<\/strong>, con l\u2019intento di sviluppare la creativit\u00e0 giovanile e includere il punto di vista degli under 25 nei processi creativi, culturali e sociali.<\/p>\n<p>Il progetto indaga il&nbsp;<strong>sistema di residenze artistiche come strumento per lo scambio multiculturale e di idee tra giovani&nbsp;<\/strong>(artisti e non).<\/p>\n<p>Attraverso una call dedicata sono stati selezionati sette ragazzi francesi, otto belgi e undici italiani che hanno abitato e vissuto l\u2019esperienza residenziale in Corte Ospitale.<\/p>\n<p>Il percorso ha previsto momenti di incontro e workshop in sala prove, un percorso di co-progettazione e la scoperta del territorio.<br \/>\nPer la partecipazione non sono stati richiesti requisiti specifici, se non una minima conoscenza della lingua inglese e la presenza per tutto il periodo dello scambio.<br \/>\nViaggi, vitto e alloggio sono stati garantiti da La Corte Ospitale.<\/p>\n<p>Il lavoro di approfondimento ha visto dialogare i ragazzi con la compagnia <strong>Sotterraneo&nbsp;(nelle stesse giornate in residenza creativa per il primo studio de L\u2019Angelo della Storia),<\/strong>&nbsp;<strong>e gli artisti&nbsp;Elena Burani&nbsp;e&nbsp;Enrico Formaggi&nbsp;(circo contemporaneo). I ragazzi sono stati inoltre guidati dai professionisti degli enti partner nella<\/strong>&nbsp;<strong>co-progettazione di azioni<\/strong>&nbsp;che si sono costituite come buone pratiche per promuovere e incentivare la partecipazione attiva dei giovani spettatori nel corso del processo creativo.<\/p>\n<p>&nbsp;<\/p>\n<p><strong>BUONE PRATICHE<\/strong><\/p>\n<p><strong>Marted\u00ec 19 ottobre<\/strong>, alle ore&nbsp;<strong>18.30<\/strong>, presso La Corte Ospitale d Rubiera, si \u00e8 tenuto l\u2019evento conclusivo in cui \u00e8 stato presentato l\u2019esito del progetto:&nbsp;<strong>dieci buone pratiche per promuovere e incentivare la partecipazione attiva dei giovani spettatori&nbsp;<\/strong><em>nella relazione con le&nbsp;<\/em><strong>residenze artistiche<\/strong><em>.<\/em><\/p>\n<p>Partendo dalla Strategia Europea dell&#8217;UE per la giovent\u00f9 2019-2027 , i ragazzi, chiedendosi su quali delle 11 priorit\u00e0 individuate dal documento il teatro possa farsi attivatore di trasformazione, ne hanno individuate 6:<\/p>\n<p>Uguaglianza di genere<\/p>\n<p>Societ\u00e0 inclusive<\/p>\n<p>Informazione e dialogo costruttivo<\/p>\n<p>Salute mentale e benessere<\/p>\n<p>Apprendimento di qualit\u00e0<\/p>\n<p>Spazio e partecipazione per tutti<\/p>\n<p>Per ogni priorit\u00e0 \u00e8 stata disegnata una personas: l\u2019identikit di una giovane europea o un giovane europeo per cui il raggiungimento della priorit\u00e0 \u00e8 sembrato particolarmente rilevante.<\/p>\n<p>L\u2019indagine \u00e8 stata condotta su quali strumenti, idee o esperienze possano essere messe in campo dalle organizzazioni culturali nei confronti di questi giovani per rispondere ai loro bisogni e contribuire alla realizzazione degli obiettivi.<\/p>\n<p>12 buone pratiche &gt;&gt;<a href=\"https:\/\/corteospitale.org\/site\/wp-content\/uploads\/2021\/11\/Buone-pratiche-ITA.pdf\"> link<\/a><\/p>\n<p>&nbsp;<\/p>\n<p style=\"margin: 0cm; margin-bottom: .0001pt; background: white; vertical-align: top;\"><span style=\"font-size: 11.0pt; color: black;\">\u00c8 possibile approfondire tutto il progetto ARTES sui profili social e del blog dedicati:<\/span><\/p>\n<p>:Facebook &gt;&gt; <a href=\"https:\/\/www.facebook.com\/ediaryerasmus\">link&nbsp;<\/a><\/p>\n<p>Instagram &gt;&gt; <a href=\"https:\/\/www.instagram.com\/erasmusplus.artes\/\">link<\/a><\/p>\n<p>Blog &gt;&gt; <a href=\"https:\/\/arteserasmusplus863443514.wordpress.com\/\">link<\/a><\/p>\n<p>____________________________________________<\/p>\n<p>&#8220;ARTES Artist Residencies as a Tool for young Europeans&#8217; Social participation through creativity&#8221; is a project that for 10 days involved 26 European young people from Italy, France and Belgium. Partners: La Corte Ospitale (IT), La Chartreuse de Neuville (FR) and Le Grand Hornu (B).<\/p>\n<p>Participants experienced the artistic residency by sharing the rehearsal room with Sotterraneo theatre company and with the circus artists Elena Burani and Enrico Formaggio.<\/p>\n<p>Alongside the artistic experience, we shared for 10 days the co-design of good practices between artists and young spectators.<\/p>\n<p>For this part, we started from the EU Youth Strategy 2019-2027 and its 11 priorities. We asked ourselves on which of these priorities the theater can become a trigger of transformation. We have identified 6:<\/p>\n<p>&nbsp;<\/p>\n<p>Equality for all genders<\/p>\n<p>Inclusive societies<\/p>\n<p>Information and constructive dialogue<\/p>\n<p>Mental health and well-being<\/p>\n<p>Quality learning<\/p>\n<p>Space and participation for all<\/p>\n<p>&nbsp;<\/p>\n<p>Starting from the priorities, we have designed a <em>personas<\/em> for each one, the identikit of a young European for whom the achievement of the priority seems particularly relevant. Then, we asked ourselves what tools, ideas or experiences can be implemented by the cultural organizations towards these young people to respond to their needs and contribute to the realization of the goals.<\/p>\n<p>The result is these 12 good practices.<\/p>\n<p>___________________________________________<\/p>\n<h1>CALL FOR ARTES (IT)<\/h1>\n<p>&nbsp;<\/p>\n<p>Dal <strong>10 al 20 ottobre 2021<\/strong> <strong>La Corte Ospitale<\/strong> <strong>apre le porte all\u2019Europa<\/strong> accogliendo <strong>26 ragazzi<\/strong> provenienti da Italia, Francia e Belgio per condividere insieme l\u2019<strong>esperienza della residenza artistica<\/strong>, accanto alla compagnia teatrale Sotterraneo.<\/p>\n<p>L\u2019incontro con la compagnia teatrale Sotterraneo in Corte Ospitale intende esplorare lo spazio residenziale e la co-progettazione di azioni che possano costituirsi come buone pratiche per promuovere e incentivare la partecipazione attiva dei giovani spettatori non solo di fronte all\u2019esito artistico, ma anche nel corso del processo creativo.<br \/>\nIl percorso prevede momenti di incontro e workshop in sala prove, un percorso di co-progettazione e la scoperta del territorio.<br \/>\nCerchiamo, quindi, <strong>10 ragazzi di et\u00e0 compresa fra i 18 e i 23 anni<\/strong> da coinvolgere in un\u2019esperienza internazionale. Non sono richiesti requisiti specifici, se non una minima conoscenza della lingua inglese.<br \/>\nViaggi, vitto e alloggio sono garantiti da La Corte Ospitale.<br \/>\nSi richiede la presenza per tutto il periodo dello scambio.<\/p>\n<p>Per partecipare \u00e8 sufficiente inviare il modulo di partecipazione, disponibile sul sito <a href=\"http:\/\/www.corteospitale.org\">www.corteospitale.org<\/a>, insieme e una breve lettera di motivazione entro l\u201911 giugno 2021 alla email <a href=\"mailto:spettatoricorteospitale@gmail.com\">spettatoricorteospitale@gmail.com<\/a>.<\/p>\n<p><strong>Visita il sito dedicato &gt;&gt; <a href=\"https:\/\/ec.europa.eu\/programmes\/erasmus-plus\/projects\/eplus-project-details\/#project\/2020-3-IT03-KA105-020416\">clicca qui<\/a><\/strong><\/p>\n<p>&nbsp;<\/p>\n<h1>CALL FOR ARTES (FR)<\/h1>\n<p>&nbsp;<\/p>\n<p>Vous avez entre 18 et 23 ans? \u00cates-vous intrigu\u00e9 par le monde th\u00e9\u00e2tral? Vous souhaitez en savoir plus sur les r\u00e9sidences artistiques? Nous recherchons pour vous!<\/p>\n<p>Du 10 au 20 octobre 2021, la Corte Ospitale, un centre de r\u00e9sidence en Italie, accueillera 26 jeunes spectatuers d&#8217;Italie, de France et de Belgique pour partager ensemble l&#8217;exp\u00e9rience de la r\u00e9sidence artistique, aux c\u00f4t\u00e9s de la compagnie Teatro Sotterraneo. Le parcours comprend des moments de rencontre et des ateliers en salle de r\u00e9p\u00e9tition, un parcours de co-conception et la d\u00e9couverte du territoire. Les frais de d\u00e9placement, de nourriture et d&#8217;h\u00e9bergement seront pris en charge par La Corte Ospitale.<\/p>\n<p>Aucun crit\u00e8re particulier n&#8217;est requis, si ce n&#8217;est une connaissance minimale de la langue anglaise.<\/p>\n<p>La pr\u00e9sence est requise pendant toute la dur\u00e9e de l&#8217;\u00e9change.<\/p>\n<p>Si vous souhaitez participer, envoyez le formulaire de candidature rempli avec une courte lettre de motivation (maximum 1000 caract\u00e8res) d&#8217;ici le<strong>&nbsp;10 septembre<\/strong> \u00e0 <a href=\"mailto:maryse.willems@hainaut.be\">maryse.willems@hainaut.be<\/a> et <a href=\"mailto:silvia.ferrari@corteospitale.org\">silvia.ferrari@corteospitale.org<\/a><\/p>\n<p><a href=\"https:\/\/corteospitale.org\/site\/wp-content\/uploads\/2021\/05\/logosbeneficaireserasmusright_it_0.jpg\"><img loading=\"lazy\" decoding=\"async\" class=\"alignnone size-medium wp-image-5455\" src=\"https:\/\/corteospitale.org\/site\/wp-content\/uploads\/2021\/05\/logosbeneficaireserasmusright_it_0-300x62.jpg\" alt=\"\" width=\"300\" height=\"62\" srcset=\"https:\/\/corteospitale.org\/site\/wp-content\/uploads\/2021\/05\/logosbeneficaireserasmusright_it_0-300x62.jpg 300w, https:\/\/corteospitale.org\/site\/wp-content\/uploads\/2021\/05\/logosbeneficaireserasmusright_it_0-600x123.jpg 600w, https:\/\/corteospitale.org\/site\/wp-content\/uploads\/2021\/05\/logosbeneficaireserasmusright_it_0-1024x210.jpg 1024w, https:\/\/corteospitale.org\/site\/wp-content\/uploads\/2021\/05\/logosbeneficaireserasmusright_it_0-768x158.jpg 768w, https:\/\/corteospitale.org\/site\/wp-content\/uploads\/2021\/05\/logosbeneficaireserasmusright_it_0-500x103.jpg 500w, https:\/\/corteospitale.org\/site\/wp-content\/uploads\/2021\/05\/logosbeneficaireserasmusright_it_0.jpg 1134w\" sizes=\"auto, (max-width: 300px) 100vw, 300px\" \/><\/a><\/p>\n","protected":false},"excerpt":{"rendered":"<p>Erasmus+ &nbsp; ARTES: Artist Residencies as a Tool for young Europeans\u2019 Social participation through creativity &nbsp; Main partner: La Corte Ospitale Partner: La Chartreuse de Neuville (FR), Le Grand Hornu (B) Dal&nbsp;10 al 20 ottobre 2021&nbsp;La Corte Ospitale&nbsp;ha aperto le &hellip;<\/p>\n","protected":false},"author":1,"featured_media":4802,"parent":288,"menu_order":0,"comment_status":"closed","ping_status":"closed","template":"template_it_pagina_normale.php","meta":{"_acf_changed":false,"ngg_post_thumbnail":0,"footnotes":"","_links_to":"","_links_to_target":""},"class_list":["post-4377","page","type-page","status-publish","has-post-thumbnail","hentry"],"acf":[],"yoast_head":"<!-- This site is optimized with the Yoast SEO plugin v24.7 - https:\/\/yoast.com\/wordpress\/plugins\/seo\/ -->\n<title>Erasmus+ ARTES - LA CORTE OSPITALE<\/title>\n<meta name=\"description\" content=\"ARTES: Artist Residencies as a Tool for young Europeans\u2019 Social participation through creativity Main partner: La Corte Ospitale\" \/>\n<meta name=\"robots\" content=\"index, follow, max-snippet:-1, max-image-preview:large, max-video-preview:-1\" \/>\n<link rel=\"canonical\" href=\"https:\/\/corteospitale.org\/site\/it\/erasmus\/\" \/>\n<meta property=\"og:locale\" content=\"it_IT\" \/>\n<meta property=\"og:type\" content=\"article\" \/>\n<meta property=\"og:title\" content=\"Erasmus+ ARTES - LA CORTE OSPITALE\" \/>\n<meta property=\"og:description\" content=\"ARTES: Artist Residencies as a Tool for young Europeans\u2019 Social participation through creativity Main partner: La Corte Ospitale\" \/>\n<meta property=\"og:url\" content=\"https:\/\/corteospitale.org\/site\/it\/erasmus\/\" \/>\n<meta property=\"og:site_name\" content=\"LA CORTE OSPITALE\" \/>\n<meta property=\"article:publisher\" content=\"https:\/\/www.facebook.com\/corteospitale\" \/>\n<meta property=\"article:modified_time\" content=\"2021-11-02T15:48:48+00:00\" \/>\n<meta property=\"og:image\" content=\"https:\/\/corteospitale.org\/site\/wp-content\/uploads\/2021\/03\/ANG_IN_BREVE_erasmus-e1620829132715.jpg\" \/>\n\t<meta property=\"og:image:width\" content=\"252\" \/>\n\t<meta property=\"og:image:height\" content=\"189\" \/>\n\t<meta property=\"og:image:type\" content=\"image\/jpeg\" \/>\n<meta name=\"twitter:card\" content=\"summary_large_image\" \/>\n<meta name=\"twitter:label1\" content=\"Tempo di lettura stimato\" \/>\n\t<meta name=\"twitter:data1\" content=\"5 minuti\" \/>\n<script type=\"application\/ld+json\" class=\"yoast-schema-graph\">{\"@context\":\"https:\/\/schema.org\",\"@graph\":[{\"@type\":\"WebPage\",\"@id\":\"https:\/\/corteospitale.org\/site\/it\/erasmus\/\",\"url\":\"https:\/\/corteospitale.org\/site\/it\/erasmus\/\",\"name\":\"Erasmus+ ARTES - LA CORTE OSPITALE\",\"isPartOf\":{\"@id\":\"https:\/\/corteospitale.org\/site\/#website\"},\"primaryImageOfPage\":{\"@id\":\"https:\/\/corteospitale.org\/site\/it\/erasmus\/#primaryimage\"},\"image\":{\"@id\":\"https:\/\/corteospitale.org\/site\/it\/erasmus\/#primaryimage\"},\"thumbnailUrl\":\"https:\/\/corteospitale.org\/site\/wp-content\/uploads\/2021\/03\/ANG_IN_BREVE_erasmus-e1620829132715.jpg\",\"datePublished\":\"2021-02-25T09:55:41+00:00\",\"dateModified\":\"2021-11-02T15:48:48+00:00\",\"description\":\"ARTES: Artist Residencies as a Tool for young Europeans\u2019 Social participation through creativity Main partner: La Corte Ospitale\",\"breadcrumb\":{\"@id\":\"https:\/\/corteospitale.org\/site\/it\/erasmus\/#breadcrumb\"},\"inLanguage\":\"it-IT\",\"potentialAction\":[{\"@type\":\"ReadAction\",\"target\":[\"https:\/\/corteospitale.org\/site\/it\/erasmus\/\"]}]},{\"@type\":\"ImageObject\",\"inLanguage\":\"it-IT\",\"@id\":\"https:\/\/corteospitale.org\/site\/it\/erasmus\/#primaryimage\",\"url\":\"https:\/\/corteospitale.org\/site\/wp-content\/uploads\/2021\/03\/ANG_IN_BREVE_erasmus-e1620829132715.jpg\",\"contentUrl\":\"https:\/\/corteospitale.org\/site\/wp-content\/uploads\/2021\/03\/ANG_IN_BREVE_erasmus-e1620829132715.jpg\",\"width\":252,\"height\":189},{\"@type\":\"BreadcrumbList\",\"@id\":\"https:\/\/corteospitale.org\/site\/it\/erasmus\/#breadcrumb\",\"itemListElement\":[{\"@type\":\"ListItem\",\"position\":1,\"name\":\"Home\",\"item\":\"https:\/\/corteospitale.org\/site\/\"},{\"@type\":\"ListItem\",\"position\":2,\"name\":\"it\",\"item\":\"https:\/\/corteospitale.org\/site\/it\/\"},{\"@type\":\"ListItem\",\"position\":3,\"name\":\"Erasmus+ ARTES\"}]},{\"@type\":\"WebSite\",\"@id\":\"https:\/\/corteospitale.org\/site\/#website\",\"url\":\"https:\/\/corteospitale.org\/site\/\",\"name\":\"LA CORTE OSPITALE\",\"description\":\"\",\"publisher\":{\"@id\":\"https:\/\/corteospitale.org\/site\/#organization\"},\"potentialAction\":[{\"@type\":\"SearchAction\",\"target\":{\"@type\":\"EntryPoint\",\"urlTemplate\":\"https:\/\/corteospitale.org\/site\/?s={search_term_string}\"},\"query-input\":{\"@type\":\"PropertyValueSpecification\",\"valueRequired\":true,\"valueName\":\"search_term_string\"}}],\"inLanguage\":\"it-IT\"},{\"@type\":\"Organization\",\"@id\":\"https:\/\/corteospitale.org\/site\/#organization\",\"name\":\"Corte Ospitale\",\"url\":\"https:\/\/corteospitale.org\/site\/\",\"logo\":{\"@type\":\"ImageObject\",\"inLanguage\":\"it-IT\",\"@id\":\"https:\/\/corteospitale.org\/site\/#\/schema\/logo\/image\/\",\"url\":\"\",\"contentUrl\":\"\",\"caption\":\"Corte Ospitale\"},\"image\":{\"@id\":\"https:\/\/corteospitale.org\/site\/#\/schema\/logo\/image\/\"},\"sameAs\":[\"https:\/\/www.facebook.com\/corteospitale\",\"https:\/\/www.instagram.com\/corteospitale\/\",\"https:\/\/www.youtube.com\/user\/LaCorteOspitale1\"]}]}<\/script>\n<!-- \/ Yoast SEO plugin. -->","yoast_head_json":{"title":"Erasmus+ ARTES - LA CORTE OSPITALE","description":"ARTES: Artist Residencies as a Tool for young Europeans\u2019 Social participation through creativity Main partner: La Corte Ospitale","robots":{"index":"index","follow":"follow","max-snippet":"max-snippet:-1","max-image-preview":"max-image-preview:large","max-video-preview":"max-video-preview:-1"},"canonical":"https:\/\/corteospitale.org\/site\/it\/erasmus\/","og_locale":"it_IT","og_type":"article","og_title":"Erasmus+ ARTES - LA CORTE OSPITALE","og_description":"ARTES: Artist Residencies as a Tool for young Europeans\u2019 Social participation through creativity Main partner: La Corte Ospitale","og_url":"https:\/\/corteospitale.org\/site\/it\/erasmus\/","og_site_name":"LA CORTE OSPITALE","article_publisher":"https:\/\/www.facebook.com\/corteospitale","article_modified_time":"2021-11-02T15:48:48+00:00","og_image":[{"width":252,"height":189,"url":"https:\/\/corteospitale.org\/site\/wp-content\/uploads\/2021\/03\/ANG_IN_BREVE_erasmus-e1620829132715.jpg","type":"image\/jpeg"}],"twitter_card":"summary_large_image","twitter_misc":{"Tempo di lettura stimato":"5 minuti"},"schema":{"@context":"https:\/\/schema.org","@graph":[{"@type":"WebPage","@id":"https:\/\/corteospitale.org\/site\/it\/erasmus\/","url":"https:\/\/corteospitale.org\/site\/it\/erasmus\/","name":"Erasmus+ ARTES - LA CORTE OSPITALE","isPartOf":{"@id":"https:\/\/corteospitale.org\/site\/#website"},"primaryImageOfPage":{"@id":"https:\/\/corteospitale.org\/site\/it\/erasmus\/#primaryimage"},"image":{"@id":"https:\/\/corteospitale.org\/site\/it\/erasmus\/#primaryimage"},"thumbnailUrl":"https:\/\/corteospitale.org\/site\/wp-content\/uploads\/2021\/03\/ANG_IN_BREVE_erasmus-e1620829132715.jpg","datePublished":"2021-02-25T09:55:41+00:00","dateModified":"2021-11-02T15:48:48+00:00","description":"ARTES: Artist Residencies as a Tool for young Europeans\u2019 Social participation through creativity Main partner: La Corte Ospitale","breadcrumb":{"@id":"https:\/\/corteospitale.org\/site\/it\/erasmus\/#breadcrumb"},"inLanguage":"it-IT","potentialAction":[{"@type":"ReadAction","target":["https:\/\/corteospitale.org\/site\/it\/erasmus\/"]}]},{"@type":"ImageObject","inLanguage":"it-IT","@id":"https:\/\/corteospitale.org\/site\/it\/erasmus\/#primaryimage","url":"https:\/\/corteospitale.org\/site\/wp-content\/uploads\/2021\/03\/ANG_IN_BREVE_erasmus-e1620829132715.jpg","contentUrl":"https:\/\/corteospitale.org\/site\/wp-content\/uploads\/2021\/03\/ANG_IN_BREVE_erasmus-e1620829132715.jpg","width":252,"height":189},{"@type":"BreadcrumbList","@id":"https:\/\/corteospitale.org\/site\/it\/erasmus\/#breadcrumb","itemListElement":[{"@type":"ListItem","position":1,"name":"Home","item":"https:\/\/corteospitale.org\/site\/"},{"@type":"ListItem","position":2,"name":"it","item":"https:\/\/corteospitale.org\/site\/it\/"},{"@type":"ListItem","position":3,"name":"Erasmus+ ARTES"}]},{"@type":"WebSite","@id":"https:\/\/corteospitale.org\/site\/#website","url":"https:\/\/corteospitale.org\/site\/","name":"LA CORTE OSPITALE","description":"","publisher":{"@id":"https:\/\/corteospitale.org\/site\/#organization"},"potentialAction":[{"@type":"SearchAction","target":{"@type":"EntryPoint","urlTemplate":"https:\/\/corteospitale.org\/site\/?s={search_term_string}"},"query-input":{"@type":"PropertyValueSpecification","valueRequired":true,"valueName":"search_term_string"}}],"inLanguage":"it-IT"},{"@type":"Organization","@id":"https:\/\/corteospitale.org\/site\/#organization","name":"Corte Ospitale","url":"https:\/\/corteospitale.org\/site\/","logo":{"@type":"ImageObject","inLanguage":"it-IT","@id":"https:\/\/corteospitale.org\/site\/#\/schema\/logo\/image\/","url":"","contentUrl":"","caption":"Corte Ospitale"},"image":{"@id":"https:\/\/corteospitale.org\/site\/#\/schema\/logo\/image\/"},"sameAs":["https:\/\/www.facebook.com\/corteospitale","https:\/\/www.instagram.com\/corteospitale\/","https:\/\/www.youtube.com\/user\/LaCorteOspitale1"]}]}},"_links":{"self":[{"href":"https:\/\/corteospitale.org\/site\/wp-json\/wp\/v2\/pages\/4377","targetHints":{"allow":["GET"]}}],"collection":[{"href":"https:\/\/corteospitale.org\/site\/wp-json\/wp\/v2\/pages"}],"about":[{"href":"https:\/\/corteospitale.org\/site\/wp-json\/wp\/v2\/types\/page"}],"author":[{"embeddable":true,"href":"https:\/\/corteospitale.org\/site\/wp-json\/wp\/v2\/users\/1"}],"replies":[{"embeddable":true,"href":"https:\/\/corteospitale.org\/site\/wp-json\/wp\/v2\/comments?post=4377"}],"version-history":[{"count":22,"href":"https:\/\/corteospitale.org\/site\/wp-json\/wp\/v2\/pages\/4377\/revisions"}],"predecessor-version":[{"id":6162,"href":"https:\/\/corteospitale.org\/site\/wp-json\/wp\/v2\/pages\/4377\/revisions\/6162"}],"up":[{"embeddable":true,"href":"https:\/\/corteospitale.org\/site\/wp-json\/wp\/v2\/pages\/288"}],"wp:featuredmedia":[{"embeddable":true,"href":"https:\/\/corteospitale.org\/site\/wp-json\/wp\/v2\/media\/4802"}],"wp:attachment":[{"href":"https:\/\/corteospitale.org\/site\/wp-json\/wp\/v2\/media?parent=4377"}],"curies":[{"name":"wp","href":"https:\/\/api.w.org\/{rel}","templated":true}]}}