{"id":4565,"date":"2021-03-01T18:43:29","date_gmt":"2021-03-01T16:43:29","guid":{"rendered":"https:\/\/corteospitale.org\/site\/?page_id=4565"},"modified":"2021-05-11T12:58:39","modified_gmt":"2021-05-11T10:58:39","slug":"europa-the-pickwick-papers","status":"publish","type":"page","link":"https:\/\/corteospitale.org\/site\/europa-the-pickwick-papers\/","title":{"rendered":"EUROPA. The Pickwick Papers"},"content":{"rendered":"<h1>EUROPA.The Pickwick Papers<\/h1>\n<p>&nbsp;<\/p>\n<p>Leggi&nbsp; l&#8217;articolo sul blog del progetto &gt;&gt; <a href=\"https:\/\/zonecritiche.wordpress.com\/2020\/06\/22\/europa-step1-the-pickwick-papers-leuropa-vista-dagli-under-25\/\"><strong>clicca qui<\/strong><\/a><\/p>\n<p class=\"p1\"><span class=\"s1\"><strong>EUROPA.The Pickwick Papers <\/strong>\u00e8 un ciclo di appuntamenti con un gruppo di under25 per dialogare e discutere <strong>sull&#8217;Europa di oggi e l&#8217;Europa del futuro<\/strong>, l&#8217;Europa immaginata, desiderata oppure percepita assente dalle nuove generazioni. Il laboratorio, completamente gratuito, si svolger\u00e0 a partire dalla seconda met\u00e0 di aprile attraverso 3 meeting online e l&#8217;uso delle piattaforme social.<\/span><span class=\"s1\"><br \/>\n<\/span><\/p>\n<p><em>Come si esprimono le nuove generazioni sull&#8217;Europa?<\/em><\/p>\n<p class=\"p1\"><span class=\"s1\">In un momento di delicate trasformazioni dell&#8217;attuale modello europeo, ci sembra importante costruire uno spazio di dibattito per immaginare delle alternative e dare loro forma, lasciando voce a chi abiter\u00e0 e costruir\u00e0 la societ\u00e0 a venire. Uno spazio neutro di dialogo, un forum di discussione per le nuove generazioni per prendere parola oppure porre domande sull&#8217;attualit\u00e0 europea che ci coinvolge e su cui tanto si discute in questa delicata contingenza socio-economica e sanitaria: quale sar\u00e0 l&#8217;Europa di domani e l&#8217;Europa che vorremmo?<br \/>\n<\/span><span class=\"s1\">Lo faremo a partire dall&#8217;osservazione del nostro piccolo quotidiano fino a giungere alla complessit\u00e0 del contesto sovranazionale, socio-politico e storico.&nbsp;<span class=\"Apple-converted-space\">&nbsp;<\/span><\/span><\/p>\n<p class=\"p1\"><span class=\"s1\">Il progetto nasce in parallelo alla creazione dello spettacolo \u201c<strong>EUROPA \u2013 Confessioni di un relativista pentito<\/strong>\u201d scritto e diretto da&nbsp;<strong>Emanuele Aldrovandi<\/strong>&nbsp;e nuova produzione La Corte Ospitale nell\u2019ambito del programma \u201cPer Chi Crea\u201d &#8211; Nuove Opere, con il sostegno di Mibact e di SIAE. Due vecchi amici osservano il fallimento dei propri sogni e di quelli delle persone che avevano intorno, costretti ad ammettere che tutto ci\u00f2 in cui credevano si \u00e8 rivelato diverso da come sembrava, fra attentati terroristici, morti in mare e l\u2019avvento di nuovi totalitarismi. Come e quanto \u00e8 cambiata l&#8217;Europa dalla sua idea originaria?<\/span><\/p>\n<p class=\"p1\"><span class=\"s1\">Le istanze critiche e le riflessioni suggerite nel corso della tappa virtuale del percorso serviranno per individuare i temi a partire dai quali si strutturer\u00e0 il programma della seconda fase del laboratorio che si svolger\u00e0 dal vivo a La Corte Ospitale, e che si intreccer\u00e0 con il processo creativo dello spettacolo \u201cEuropa. Confessioni di un relativista pentito\u201d. I partecipanti saranno invitati ad assistere al debutto e a riflettere sullo spettacolo attraverso il confronto con il regista e il cast artistico. La partecipazione alla seconda fase del progetto non \u00e8 obbligatoria. Le adesioni alla presente call sono valide solo per la partecipazione ai meeting online e a questa prima fase di laboratorio.<\/span><\/p>\n<p class=\"p1\"><span class=\"s1\">Il laboratorio \u00e8 aperto a un numero massimo di&nbsp;<strong>15 partecipanti di et\u00e0 compresa fra i 18 e i 25 anni<\/strong>.<\/span><\/p>\n<p class=\"p1\"><span class=\"s1\">Per partecipare invia una tua presentazione e spiegaci perch\u00e9 ti interessa prendere parte al progetto, scrivendo a<strong>&nbsp;<a href=\"mailto:formazione.corteospitale@gmail.com\">formazione.corteospitale@gmail.com<\/a>&nbsp;entro il 20 aprile 2020<\/strong>.<br \/>\n<\/span><span class=\"s1\">I&nbsp;<strong>meeting online<\/strong>&nbsp;si svolgeranno nelle giornate del&nbsp;<strong>23, 30 aprile e del 7 maggio<\/strong>. Ai partecipanti saranno comunicate le modalit\u00e0 di svolgimento.<br \/>\n<\/span><span class=\"s1\">Gli incontri sono a cura di&nbsp;<strong>Vittoria Lombardi<\/strong>&nbsp;e dello&nbsp;<strong>staff della Corte Ospitale<\/strong>.<\/span>&nbsp;<\/p>\n<p class=\"p1\"><em><span class=\"s1\">\u201cEUROPA.The Pickwick Papers\u201d \u00e8 organizzato da La Corte Ospitale, nell\u2019ambito del programma \u201cPer Chi Crea\u201d, con il sostegno di Mibact e di SIAE.<\/span><\/em><\/p>\n<p>&nbsp;<\/p>\n<p><a href=\"https:\/\/corteospitale.org\/site\/wp-content\/uploads\/2021\/03\/ResizedImage600150-solo-loghi-standard.jpg\"><img loading=\"lazy\" decoding=\"async\" class=\"alignnone wp-image-4709 size-full\" src=\"https:\/\/corteospitale.org\/site\/wp-content\/uploads\/2021\/03\/ResizedImage600150-solo-loghi-standard.jpg\" alt=\"\" width=\"600\" height=\"150\" srcset=\"https:\/\/corteospitale.org\/site\/wp-content\/uploads\/2021\/03\/ResizedImage600150-solo-loghi-standard.jpg 600w, https:\/\/corteospitale.org\/site\/wp-content\/uploads\/2021\/03\/ResizedImage600150-solo-loghi-standard-300x75.jpg 300w, https:\/\/corteospitale.org\/site\/wp-content\/uploads\/2021\/03\/ResizedImage600150-solo-loghi-standard-500x125.jpg 500w\" sizes=\"auto, (max-width: 600px) 100vw, 600px\" \/><\/a><\/p>\n","protected":false},"excerpt":{"rendered":"<p>EUROPA.The Pickwick Papers &nbsp; Leggi&nbsp; l&#8217;articolo sul blog del progetto &gt;&gt; clicca qui EUROPA.The Pickwick Papers \u00e8 un ciclo di appuntamenti con un gruppo di under25 per dialogare e discutere sull&#8217;Europa di oggi e l&#8217;Europa del futuro, l&#8217;Europa immaginata, desiderata &hellip;<\/p>\n","protected":false},"author":1,"featured_media":4710,"parent":0,"menu_order":0,"comment_status":"closed","ping_status":"closed","template":"template_it_pagina_normale.php","meta":{"_acf_changed":false,"ngg_post_thumbnail":0,"footnotes":"","_links_to":"","_links_to_target":""},"class_list":["post-4565","page","type-page","status-publish","has-post-thumbnail","hentry"],"acf":[],"yoast_head":"<!-- This site is optimized with the Yoast SEO plugin v24.7 - https:\/\/yoast.com\/wordpress\/plugins\/seo\/ -->\n<title>EUROPA. The Pickwick Papers - LA CORTE OSPITALE<\/title>\n<meta name=\"robots\" content=\"index, follow, max-snippet:-1, max-image-preview:large, max-video-preview:-1\" \/>\n<link rel=\"canonical\" href=\"https:\/\/corteospitale.org\/site\/europa-the-pickwick-papers\/\" \/>\n<meta property=\"og:locale\" content=\"it_IT\" \/>\n<meta property=\"og:type\" content=\"article\" \/>\n<meta property=\"og:title\" content=\"EUROPA. The Pickwick Papers - LA CORTE OSPITALE\" \/>\n<meta property=\"og:description\" content=\"EUROPA.The Pickwick Papers &nbsp; Leggi&nbsp; l&#8217;articolo sul blog del progetto &gt;&gt; clicca qui EUROPA.The Pickwick Papers \u00e8 un ciclo di appuntamenti con un gruppo di under25 per dialogare e discutere sull&#8217;Europa di oggi e l&#8217;Europa del futuro, l&#8217;Europa immaginata, desiderata &hellip;\" \/>\n<meta property=\"og:url\" content=\"https:\/\/corteospitale.org\/site\/europa-the-pickwick-papers\/\" \/>\n<meta property=\"og:site_name\" content=\"LA CORTE OSPITALE\" \/>\n<meta property=\"article:publisher\" content=\"https:\/\/www.facebook.com\/corteospitale\" \/>\n<meta property=\"article:modified_time\" content=\"2021-05-11T10:58:39+00:00\" \/>\n<meta property=\"og:image\" content=\"https:\/\/corteospitale.org\/site\/wp-content\/uploads\/2021\/03\/europa-step1.jpeg\" \/>\n\t<meta property=\"og:image:width\" content=\"750\" \/>\n\t<meta property=\"og:image:height\" content=\"750\" \/>\n\t<meta property=\"og:image:type\" content=\"image\/jpeg\" \/>\n<meta name=\"twitter:card\" content=\"summary_large_image\" \/>\n<meta name=\"twitter:label1\" content=\"Tempo di lettura stimato\" \/>\n\t<meta name=\"twitter:data1\" content=\"3 minuti\" \/>\n<script type=\"application\/ld+json\" class=\"yoast-schema-graph\">{\"@context\":\"https:\/\/schema.org\",\"@graph\":[{\"@type\":\"WebPage\",\"@id\":\"https:\/\/corteospitale.org\/site\/europa-the-pickwick-papers\/\",\"url\":\"https:\/\/corteospitale.org\/site\/europa-the-pickwick-papers\/\",\"name\":\"EUROPA. The Pickwick Papers - LA CORTE OSPITALE\",\"isPartOf\":{\"@id\":\"https:\/\/corteospitale.org\/site\/#website\"},\"primaryImageOfPage\":{\"@id\":\"https:\/\/corteospitale.org\/site\/europa-the-pickwick-papers\/#primaryimage\"},\"image\":{\"@id\":\"https:\/\/corteospitale.org\/site\/europa-the-pickwick-papers\/#primaryimage\"},\"thumbnailUrl\":\"https:\/\/corteospitale.org\/site\/wp-content\/uploads\/2021\/03\/europa-step1.jpeg\",\"datePublished\":\"2021-03-01T16:43:29+00:00\",\"dateModified\":\"2021-05-11T10:58:39+00:00\",\"breadcrumb\":{\"@id\":\"https:\/\/corteospitale.org\/site\/europa-the-pickwick-papers\/#breadcrumb\"},\"inLanguage\":\"it-IT\",\"potentialAction\":[{\"@type\":\"ReadAction\",\"target\":[\"https:\/\/corteospitale.org\/site\/europa-the-pickwick-papers\/\"]}]},{\"@type\":\"ImageObject\",\"inLanguage\":\"it-IT\",\"@id\":\"https:\/\/corteospitale.org\/site\/europa-the-pickwick-papers\/#primaryimage\",\"url\":\"https:\/\/corteospitale.org\/site\/wp-content\/uploads\/2021\/03\/europa-step1.jpeg\",\"contentUrl\":\"https:\/\/corteospitale.org\/site\/wp-content\/uploads\/2021\/03\/europa-step1.jpeg\",\"width\":750,\"height\":750,\"caption\":\"{\\\"subsource\\\":\\\"done_button\\\",\\\"uid\\\":\\\"EFCAFA6D-834C-4DD3-B945-E4F598B1CECA_1586164426515\\\",\\\"source\\\":\\\"other\\\",\\\"origin\\\":\\\"gallery\\\",\\\"source_sid\\\":\\\"EFCAFA6D-834C-4DD3-B945-E4F598B1CECA_1586184773134\\\"}\"},{\"@type\":\"BreadcrumbList\",\"@id\":\"https:\/\/corteospitale.org\/site\/europa-the-pickwick-papers\/#breadcrumb\",\"itemListElement\":[{\"@type\":\"ListItem\",\"position\":1,\"name\":\"Home\",\"item\":\"https:\/\/corteospitale.org\/site\/\"},{\"@type\":\"ListItem\",\"position\":2,\"name\":\"EUROPA. The Pickwick Papers\"}]},{\"@type\":\"WebSite\",\"@id\":\"https:\/\/corteospitale.org\/site\/#website\",\"url\":\"https:\/\/corteospitale.org\/site\/\",\"name\":\"LA CORTE OSPITALE\",\"description\":\"\",\"publisher\":{\"@id\":\"https:\/\/corteospitale.org\/site\/#organization\"},\"potentialAction\":[{\"@type\":\"SearchAction\",\"target\":{\"@type\":\"EntryPoint\",\"urlTemplate\":\"https:\/\/corteospitale.org\/site\/?s={search_term_string}\"},\"query-input\":{\"@type\":\"PropertyValueSpecification\",\"valueRequired\":true,\"valueName\":\"search_term_string\"}}],\"inLanguage\":\"it-IT\"},{\"@type\":\"Organization\",\"@id\":\"https:\/\/corteospitale.org\/site\/#organization\",\"name\":\"Corte Ospitale\",\"url\":\"https:\/\/corteospitale.org\/site\/\",\"logo\":{\"@type\":\"ImageObject\",\"inLanguage\":\"it-IT\",\"@id\":\"https:\/\/corteospitale.org\/site\/#\/schema\/logo\/image\/\",\"url\":\"\",\"contentUrl\":\"\",\"caption\":\"Corte Ospitale\"},\"image\":{\"@id\":\"https:\/\/corteospitale.org\/site\/#\/schema\/logo\/image\/\"},\"sameAs\":[\"https:\/\/www.facebook.com\/corteospitale\",\"https:\/\/www.instagram.com\/corteospitale\/\",\"https:\/\/www.youtube.com\/user\/LaCorteOspitale1\"]}]}<\/script>\n<!-- \/ Yoast SEO plugin. -->","yoast_head_json":{"title":"EUROPA. The Pickwick Papers - LA CORTE OSPITALE","robots":{"index":"index","follow":"follow","max-snippet":"max-snippet:-1","max-image-preview":"max-image-preview:large","max-video-preview":"max-video-preview:-1"},"canonical":"https:\/\/corteospitale.org\/site\/europa-the-pickwick-papers\/","og_locale":"it_IT","og_type":"article","og_title":"EUROPA. The Pickwick Papers - LA CORTE OSPITALE","og_description":"EUROPA.The Pickwick Papers &nbsp; Leggi&nbsp; l&#8217;articolo sul blog del progetto &gt;&gt; clicca qui EUROPA.The Pickwick Papers \u00e8 un ciclo di appuntamenti con un gruppo di under25 per dialogare e discutere sull&#8217;Europa di oggi e l&#8217;Europa del futuro, l&#8217;Europa immaginata, desiderata &hellip;","og_url":"https:\/\/corteospitale.org\/site\/europa-the-pickwick-papers\/","og_site_name":"LA CORTE OSPITALE","article_publisher":"https:\/\/www.facebook.com\/corteospitale","article_modified_time":"2021-05-11T10:58:39+00:00","og_image":[{"width":750,"height":750,"url":"https:\/\/corteospitale.org\/site\/wp-content\/uploads\/2021\/03\/europa-step1.jpeg","type":"image\/jpeg"}],"twitter_card":"summary_large_image","twitter_misc":{"Tempo di lettura stimato":"3 minuti"},"schema":{"@context":"https:\/\/schema.org","@graph":[{"@type":"WebPage","@id":"https:\/\/corteospitale.org\/site\/europa-the-pickwick-papers\/","url":"https:\/\/corteospitale.org\/site\/europa-the-pickwick-papers\/","name":"EUROPA. The Pickwick Papers - LA CORTE OSPITALE","isPartOf":{"@id":"https:\/\/corteospitale.org\/site\/#website"},"primaryImageOfPage":{"@id":"https:\/\/corteospitale.org\/site\/europa-the-pickwick-papers\/#primaryimage"},"image":{"@id":"https:\/\/corteospitale.org\/site\/europa-the-pickwick-papers\/#primaryimage"},"thumbnailUrl":"https:\/\/corteospitale.org\/site\/wp-content\/uploads\/2021\/03\/europa-step1.jpeg","datePublished":"2021-03-01T16:43:29+00:00","dateModified":"2021-05-11T10:58:39+00:00","breadcrumb":{"@id":"https:\/\/corteospitale.org\/site\/europa-the-pickwick-papers\/#breadcrumb"},"inLanguage":"it-IT","potentialAction":[{"@type":"ReadAction","target":["https:\/\/corteospitale.org\/site\/europa-the-pickwick-papers\/"]}]},{"@type":"ImageObject","inLanguage":"it-IT","@id":"https:\/\/corteospitale.org\/site\/europa-the-pickwick-papers\/#primaryimage","url":"https:\/\/corteospitale.org\/site\/wp-content\/uploads\/2021\/03\/europa-step1.jpeg","contentUrl":"https:\/\/corteospitale.org\/site\/wp-content\/uploads\/2021\/03\/europa-step1.jpeg","width":750,"height":750,"caption":"{\"subsource\":\"done_button\",\"uid\":\"EFCAFA6D-834C-4DD3-B945-E4F598B1CECA_1586164426515\",\"source\":\"other\",\"origin\":\"gallery\",\"source_sid\":\"EFCAFA6D-834C-4DD3-B945-E4F598B1CECA_1586184773134\"}"},{"@type":"BreadcrumbList","@id":"https:\/\/corteospitale.org\/site\/europa-the-pickwick-papers\/#breadcrumb","itemListElement":[{"@type":"ListItem","position":1,"name":"Home","item":"https:\/\/corteospitale.org\/site\/"},{"@type":"ListItem","position":2,"name":"EUROPA. The Pickwick Papers"}]},{"@type":"WebSite","@id":"https:\/\/corteospitale.org\/site\/#website","url":"https:\/\/corteospitale.org\/site\/","name":"LA CORTE OSPITALE","description":"","publisher":{"@id":"https:\/\/corteospitale.org\/site\/#organization"},"potentialAction":[{"@type":"SearchAction","target":{"@type":"EntryPoint","urlTemplate":"https:\/\/corteospitale.org\/site\/?s={search_term_string}"},"query-input":{"@type":"PropertyValueSpecification","valueRequired":true,"valueName":"search_term_string"}}],"inLanguage":"it-IT"},{"@type":"Organization","@id":"https:\/\/corteospitale.org\/site\/#organization","name":"Corte Ospitale","url":"https:\/\/corteospitale.org\/site\/","logo":{"@type":"ImageObject","inLanguage":"it-IT","@id":"https:\/\/corteospitale.org\/site\/#\/schema\/logo\/image\/","url":"","contentUrl":"","caption":"Corte Ospitale"},"image":{"@id":"https:\/\/corteospitale.org\/site\/#\/schema\/logo\/image\/"},"sameAs":["https:\/\/www.facebook.com\/corteospitale","https:\/\/www.instagram.com\/corteospitale\/","https:\/\/www.youtube.com\/user\/LaCorteOspitale1"]}]}},"_links":{"self":[{"href":"https:\/\/corteospitale.org\/site\/wp-json\/wp\/v2\/pages\/4565","targetHints":{"allow":["GET"]}}],"collection":[{"href":"https:\/\/corteospitale.org\/site\/wp-json\/wp\/v2\/pages"}],"about":[{"href":"https:\/\/corteospitale.org\/site\/wp-json\/wp\/v2\/types\/page"}],"author":[{"embeddable":true,"href":"https:\/\/corteospitale.org\/site\/wp-json\/wp\/v2\/users\/1"}],"replies":[{"embeddable":true,"href":"https:\/\/corteospitale.org\/site\/wp-json\/wp\/v2\/comments?post=4565"}],"version-history":[{"count":11,"href":"https:\/\/corteospitale.org\/site\/wp-json\/wp\/v2\/pages\/4565\/revisions"}],"predecessor-version":[{"id":4849,"href":"https:\/\/corteospitale.org\/site\/wp-json\/wp\/v2\/pages\/4565\/revisions\/4849"}],"wp:featuredmedia":[{"embeddable":true,"href":"https:\/\/corteospitale.org\/site\/wp-json\/wp\/v2\/media\/4710"}],"wp:attachment":[{"href":"https:\/\/corteospitale.org\/site\/wp-json\/wp\/v2\/media?parent=4565"}],"curies":[{"name":"wp","href":"https:\/\/api.w.org\/{rel}","templated":true}]}}