{"id":4993,"date":"2021-03-31T15:57:37","date_gmt":"2021-03-31T13:57:37","guid":{"rendered":"https:\/\/corteospitale.org\/site\/?page_id=4993"},"modified":"2021-04-20T17:31:08","modified_gmt":"2021-04-20T15:31:08","slug":"sostienici-aziende","status":"publish","type":"page","link":"https:\/\/corteospitale.org\/site\/it\/sostienici-aziende\/","title":{"rendered":"Sostienici &#8211; Aziende"},"content":{"rendered":"<p>La partecipazione di imprese private al progetto culturale della <strong>Corte Ospitale<\/strong> \u00e8 un motore imprescindibile per la nostra crescita e, contemporaneamente, un\u2019occasione di arricchimento per le aziende, che potranno beneficiare di nuovi strumenti e possibilit\u00e0 comunicative e dare un fondamentale contributo allo sviluppo economico e sociale del territorio.<br \/>\nLa Corte Ospitale opera senza fini di lucro. Tutte le risorse che mette in campo hanno il solo scopo di trasmettere il patrimonio culturale e emotivo che il teatro porta con s\u00e9.<\/p>\n<p><strong>COME SOSTENERE<\/strong><\/p>\n<h1>CORPORATE PARTNERSHIP<\/h1>\n<p>Modalit\u00e0 di coinvolgimento delle aziende pi\u00f9 duratura che permette alla Corte Ospitale di pianificare nel tempo progetti e attivit\u00e0. L\u2019azienda, a sua volta, ha la possibilit\u00e0 di intraprendere e\/o consolidare un percorso di responsabilit\u00e0 sociale d\u2019impresa basato su obiettivi comuni con la Corte Ospitale e di unire sviluppo economico e sociale. Il sostegno prevede una donazione ripetuta nel tempo.<\/p>\n<h1>SPONSORSHIP<\/h1>\n<p>\u00c8 una modalit\u00e0 di coinvolgimento annuale o su progetto, un&#8217;opportunit\u00e0 di promuovere diversamente la propria immagine aziendale e di dare un aiuto concreto alla cultura del proprio territorio.<\/p>\n<p>La Corte Ospitale \u00e8 a disposizione per valutare con la Sua azienda le modalit\u00e0 di sostegno. Non esiti a contattarci per fissare un appuntamento e presentarci le sue idee.<\/p>\n<p>Informazioni &gt;&gt; 0522621133 &#8211; <a href=\"mailto:fundraising@corteospitale.org\">fundraising@corteospitale.org<\/a><\/p>\n<h1>ART BONUS<\/h1>\n<p>La donazione effettuata con Art Bonus consente di recuperare al momento della dichiarazione dei redditi il 65% di quanto versato, sotto forma di credito di imposta, in tre quote di pari importo distribuite nell\u2019arco di tre anni. Possono donare tutte le persone fisiche e giuridiche.<br \/>\nPuoi donare tramite<strong>&nbsp;Art Bonus (<a href=\"http:\/\/www.artbonus.gov.it%20\/\">www.artbonus.gov.it<\/a>):<\/strong><\/p>\n<ul>\n<li>Con bonifico bancario, indicando come benificiario&nbsp;La Corte Ospitale &#8211; C.F.\/P.I. 01663030359 &#8211;&nbsp;BPER \u2013 Banca Popolare dell\u2019Emilia-Romagna &#8211;&nbsp;IBAN IT75T0538766470000000720645 &#8211;&nbsp;CAUSALE: Art Bonus \u2013 La Corte Ospitale &#8211; Codice fiscale o P. Iva del mecenate &#8211; Nome Intervento (opzionale)<\/li>\n<li>Direttamente alla Corte Ospitale, a mezzo bancomat o carta di credito<\/li>\n<\/ul>\n<p><strong>Conserva la ricevuta bancaria<\/strong>&nbsp;del bonifico per consegnarla al momento della dichiarazione dei redditi.<br \/>\nInvia alla mail&nbsp;<a href=\"mailto:fundraising@corteospitale.org\">fundraising@corteospitale.org<\/a>&nbsp;la&nbsp;<strong>ricevuta del bonifico bancario e&nbsp;<a href=\"https:\/\/corteospitale.org\/site\/wp-content\/uploads\/2021\/04\/Modulo-mecenate.pdf\">questo modulo<\/a><\/strong>&nbsp;<strong>compilato<\/strong>&nbsp;con il consenso\/diniego alla pubblicazione dei dati perch\u00e9 siamo obbligati a pubblicare sul nostro sito e sul portale ArtBonus i contributi ricevuti.<\/p>\n<p>L\u2019importo della donazione \u00e8 libero.<br \/>\nPer fare qualche esempio:<\/p>\n<table style=\"height: 71px;\" width=\"472\">\n<tbody>\n<tr>\n<td width=\"124\">Donazione<\/td>\n<td width=\"268\">65% Credito d&#8217;imposta<\/td>\n<td width=\"161\">Costo effettivo<\/td>\n<\/tr>\n<tr>\n<td width=\"124\">\u20ac 100<\/td>\n<td width=\"268\">\u20ac 65<\/td>\n<td width=\"161\">\u20ac 35<\/td>\n<\/tr>\n<tr>\n<td width=\"124\">\u20ac 500<\/td>\n<td width=\"268\">\u20ac 325<\/td>\n<td width=\"161\">\u20ac 175<\/td>\n<\/tr>\n<tr>\n<td width=\"124\">\u20ac 1000<\/td>\n<td width=\"268\">\u20ac 650<\/td>\n<td width=\"161\">\u20ac 350<\/td>\n<\/tr>\n<\/tbody>\n<\/table>\n<p><em>Il credito d&#8217;imposta del 65% \u00e8 riconosciuto alle persone fisiche fino al limite del 15% del reddito e alle societ\u00e0 fino al 5 per mille dei ricavi annui<\/em>.<\/p>\n","protected":false},"excerpt":{"rendered":"<p>La partecipazione di imprese private al progetto culturale della Corte Ospitale \u00e8 un motore imprescindibile per la nostra crescita e, contemporaneamente, un\u2019occasione di arricchimento per le aziende, che potranno beneficiare di nuovi strumenti e possibilit\u00e0 comunicative e dare un fondamentale &hellip;<\/p>\n","protected":false},"author":1,"featured_media":0,"parent":288,"menu_order":0,"comment_status":"closed","ping_status":"closed","template":"template_it_pagina_normale.php","meta":{"_acf_changed":false,"ngg_post_thumbnail":0,"footnotes":"","_links_to":"","_links_to_target":""},"class_list":["post-4993","page","type-page","status-publish","hentry"],"acf":[],"yoast_head":"<!-- This site is optimized with the Yoast SEO plugin v24.7 - https:\/\/yoast.com\/wordpress\/plugins\/seo\/ -->\n<title>Sostienici - Aziende - LA CORTE OSPITALE<\/title>\n<meta name=\"robots\" content=\"index, follow, max-snippet:-1, max-image-preview:large, max-video-preview:-1\" \/>\n<link rel=\"canonical\" href=\"https:\/\/corteospitale.org\/site\/it\/sostienici-aziende\/\" \/>\n<meta property=\"og:locale\" content=\"it_IT\" \/>\n<meta property=\"og:type\" content=\"article\" \/>\n<meta property=\"og:title\" content=\"Sostienici - Aziende - LA CORTE OSPITALE\" \/>\n<meta property=\"og:description\" content=\"La partecipazione di imprese private al progetto culturale della Corte Ospitale \u00e8 un motore imprescindibile per la nostra crescita e, contemporaneamente, un\u2019occasione di arricchimento per le aziende, che potranno beneficiare di nuovi strumenti e possibilit\u00e0 comunicative e dare un fondamentale &hellip;\" \/>\n<meta property=\"og:url\" content=\"https:\/\/corteospitale.org\/site\/it\/sostienici-aziende\/\" \/>\n<meta property=\"og:site_name\" content=\"LA CORTE OSPITALE\" \/>\n<meta property=\"article:publisher\" content=\"https:\/\/www.facebook.com\/corteospitale\" \/>\n<meta property=\"article:modified_time\" content=\"2021-04-20T15:31:08+00:00\" \/>\n<meta name=\"twitter:card\" content=\"summary_large_image\" \/>\n<meta name=\"twitter:label1\" content=\"Tempo di lettura stimato\" \/>\n\t<meta name=\"twitter:data1\" content=\"2 minuti\" \/>\n<script type=\"application\/ld+json\" class=\"yoast-schema-graph\">{\"@context\":\"https:\/\/schema.org\",\"@graph\":[{\"@type\":\"WebPage\",\"@id\":\"https:\/\/corteospitale.org\/site\/it\/sostienici-aziende\/\",\"url\":\"https:\/\/corteospitale.org\/site\/it\/sostienici-aziende\/\",\"name\":\"Sostienici - Aziende - LA CORTE OSPITALE\",\"isPartOf\":{\"@id\":\"https:\/\/corteospitale.org\/site\/#website\"},\"datePublished\":\"2021-03-31T13:57:37+00:00\",\"dateModified\":\"2021-04-20T15:31:08+00:00\",\"breadcrumb\":{\"@id\":\"https:\/\/corteospitale.org\/site\/it\/sostienici-aziende\/#breadcrumb\"},\"inLanguage\":\"it-IT\",\"potentialAction\":[{\"@type\":\"ReadAction\",\"target\":[\"https:\/\/corteospitale.org\/site\/it\/sostienici-aziende\/\"]}]},{\"@type\":\"BreadcrumbList\",\"@id\":\"https:\/\/corteospitale.org\/site\/it\/sostienici-aziende\/#breadcrumb\",\"itemListElement\":[{\"@type\":\"ListItem\",\"position\":1,\"name\":\"Home\",\"item\":\"https:\/\/corteospitale.org\/site\/\"},{\"@type\":\"ListItem\",\"position\":2,\"name\":\"it\",\"item\":\"https:\/\/corteospitale.org\/site\/it\/\"},{\"@type\":\"ListItem\",\"position\":3,\"name\":\"Sostienici &#8211; Aziende\"}]},{\"@type\":\"WebSite\",\"@id\":\"https:\/\/corteospitale.org\/site\/#website\",\"url\":\"https:\/\/corteospitale.org\/site\/\",\"name\":\"LA CORTE OSPITALE\",\"description\":\"\",\"publisher\":{\"@id\":\"https:\/\/corteospitale.org\/site\/#organization\"},\"potentialAction\":[{\"@type\":\"SearchAction\",\"target\":{\"@type\":\"EntryPoint\",\"urlTemplate\":\"https:\/\/corteospitale.org\/site\/?s={search_term_string}\"},\"query-input\":{\"@type\":\"PropertyValueSpecification\",\"valueRequired\":true,\"valueName\":\"search_term_string\"}}],\"inLanguage\":\"it-IT\"},{\"@type\":\"Organization\",\"@id\":\"https:\/\/corteospitale.org\/site\/#organization\",\"name\":\"Corte Ospitale\",\"url\":\"https:\/\/corteospitale.org\/site\/\",\"logo\":{\"@type\":\"ImageObject\",\"inLanguage\":\"it-IT\",\"@id\":\"https:\/\/corteospitale.org\/site\/#\/schema\/logo\/image\/\",\"url\":\"\",\"contentUrl\":\"\",\"caption\":\"Corte Ospitale\"},\"image\":{\"@id\":\"https:\/\/corteospitale.org\/site\/#\/schema\/logo\/image\/\"},\"sameAs\":[\"https:\/\/www.facebook.com\/corteospitale\",\"https:\/\/www.instagram.com\/corteospitale\/\",\"https:\/\/www.youtube.com\/user\/LaCorteOspitale1\"]}]}<\/script>\n<!-- \/ Yoast SEO plugin. -->","yoast_head_json":{"title":"Sostienici - Aziende - LA CORTE OSPITALE","robots":{"index":"index","follow":"follow","max-snippet":"max-snippet:-1","max-image-preview":"max-image-preview:large","max-video-preview":"max-video-preview:-1"},"canonical":"https:\/\/corteospitale.org\/site\/it\/sostienici-aziende\/","og_locale":"it_IT","og_type":"article","og_title":"Sostienici - Aziende - LA CORTE OSPITALE","og_description":"La partecipazione di imprese private al progetto culturale della Corte Ospitale \u00e8 un motore imprescindibile per la nostra crescita e, contemporaneamente, un\u2019occasione di arricchimento per le aziende, che potranno beneficiare di nuovi strumenti e possibilit\u00e0 comunicative e dare un fondamentale &hellip;","og_url":"https:\/\/corteospitale.org\/site\/it\/sostienici-aziende\/","og_site_name":"LA CORTE OSPITALE","article_publisher":"https:\/\/www.facebook.com\/corteospitale","article_modified_time":"2021-04-20T15:31:08+00:00","twitter_card":"summary_large_image","twitter_misc":{"Tempo di lettura stimato":"2 minuti"},"schema":{"@context":"https:\/\/schema.org","@graph":[{"@type":"WebPage","@id":"https:\/\/corteospitale.org\/site\/it\/sostienici-aziende\/","url":"https:\/\/corteospitale.org\/site\/it\/sostienici-aziende\/","name":"Sostienici - Aziende - LA CORTE OSPITALE","isPartOf":{"@id":"https:\/\/corteospitale.org\/site\/#website"},"datePublished":"2021-03-31T13:57:37+00:00","dateModified":"2021-04-20T15:31:08+00:00","breadcrumb":{"@id":"https:\/\/corteospitale.org\/site\/it\/sostienici-aziende\/#breadcrumb"},"inLanguage":"it-IT","potentialAction":[{"@type":"ReadAction","target":["https:\/\/corteospitale.org\/site\/it\/sostienici-aziende\/"]}]},{"@type":"BreadcrumbList","@id":"https:\/\/corteospitale.org\/site\/it\/sostienici-aziende\/#breadcrumb","itemListElement":[{"@type":"ListItem","position":1,"name":"Home","item":"https:\/\/corteospitale.org\/site\/"},{"@type":"ListItem","position":2,"name":"it","item":"https:\/\/corteospitale.org\/site\/it\/"},{"@type":"ListItem","position":3,"name":"Sostienici &#8211; Aziende"}]},{"@type":"WebSite","@id":"https:\/\/corteospitale.org\/site\/#website","url":"https:\/\/corteospitale.org\/site\/","name":"LA CORTE OSPITALE","description":"","publisher":{"@id":"https:\/\/corteospitale.org\/site\/#organization"},"potentialAction":[{"@type":"SearchAction","target":{"@type":"EntryPoint","urlTemplate":"https:\/\/corteospitale.org\/site\/?s={search_term_string}"},"query-input":{"@type":"PropertyValueSpecification","valueRequired":true,"valueName":"search_term_string"}}],"inLanguage":"it-IT"},{"@type":"Organization","@id":"https:\/\/corteospitale.org\/site\/#organization","name":"Corte Ospitale","url":"https:\/\/corteospitale.org\/site\/","logo":{"@type":"ImageObject","inLanguage":"it-IT","@id":"https:\/\/corteospitale.org\/site\/#\/schema\/logo\/image\/","url":"","contentUrl":"","caption":"Corte Ospitale"},"image":{"@id":"https:\/\/corteospitale.org\/site\/#\/schema\/logo\/image\/"},"sameAs":["https:\/\/www.facebook.com\/corteospitale","https:\/\/www.instagram.com\/corteospitale\/","https:\/\/www.youtube.com\/user\/LaCorteOspitale1"]}]}},"_links":{"self":[{"href":"https:\/\/corteospitale.org\/site\/wp-json\/wp\/v2\/pages\/4993","targetHints":{"allow":["GET"]}}],"collection":[{"href":"https:\/\/corteospitale.org\/site\/wp-json\/wp\/v2\/pages"}],"about":[{"href":"https:\/\/corteospitale.org\/site\/wp-json\/wp\/v2\/types\/page"}],"author":[{"embeddable":true,"href":"https:\/\/corteospitale.org\/site\/wp-json\/wp\/v2\/users\/1"}],"replies":[{"embeddable":true,"href":"https:\/\/corteospitale.org\/site\/wp-json\/wp\/v2\/comments?post=4993"}],"version-history":[{"count":6,"href":"https:\/\/corteospitale.org\/site\/wp-json\/wp\/v2\/pages\/4993\/revisions"}],"predecessor-version":[{"id":5241,"href":"https:\/\/corteospitale.org\/site\/wp-json\/wp\/v2\/pages\/4993\/revisions\/5241"}],"up":[{"embeddable":true,"href":"https:\/\/corteospitale.org\/site\/wp-json\/wp\/v2\/pages\/288"}],"wp:attachment":[{"href":"https:\/\/corteospitale.org\/site\/wp-json\/wp\/v2\/media?parent=4993"}],"curies":[{"name":"wp","href":"https:\/\/api.w.org\/{rel}","templated":true}]}}