{"id":4997,"date":"2021-03-31T16:21:21","date_gmt":"2021-03-31T14:21:21","guid":{"rendered":"https:\/\/corteospitale.org\/site\/?page_id=4997"},"modified":"2021-04-20T17:25:11","modified_gmt":"2021-04-20T15:25:11","slug":"sostienici-privati","status":"publish","type":"page","link":"https:\/\/corteospitale.org\/site\/it\/sostienici-privati\/","title":{"rendered":"Sostienici-Privati"},"content":{"rendered":"<p><em><strong>Sostieni La Corte Ospitale<\/strong> e diventa parte attiva di un progetto culturale riconosciuto a livello nazionale per la qualit\u00e0 e l\u2019innovazione della proposta, rivolta tanto agli artisti quanto al territorio.&nbsp;Grazie al tuo sostegno potremo potenziare l\u2019accompagnamento per le giovani compagnie, la scoperta di nuovi talenti e il ricambio generazionale, favorire il coinvolgimento attivo, consapevole e creativo della comunit\u00e0 nella pratica e nella produzione teatrale, fin dall\u2019infanzia.<\/em><\/p>\n<h1>DIVENTA CORTIGIANO!<\/h1>\n<p>Con una donazione di almeno&nbsp;<strong>50 euro<\/strong>&nbsp;diventerai cortigiano e avrai la possibilit\u00e0 di avere accesso a dei vantaggi (incontri con le compagnie in residenza, prelazione per l\u2019acquisto degli abbonamenti, riduzioni sugli abbonamenti e sull\u2019acquisto dei biglietti, accesso riservato alla mediateca della Corte Ospitale e l\u2019inserimento nella mailing list dedicata ai Cortigiani per essere informati in anteprima sulle attivit\u00e0 del Teatro e per ricevere inviti per eventi speciali)<\/p>\n<h1>ART BONUS<\/h1>\n<p>La donazione effettuata con Art Bonus consente di recuperare al momento della dichiarazione dei redditi il 65% di quanto versato, sotto forma di credito di imposta, in tre quote di pari importo distribuite nell\u2019arco di tre anni. Possono donare tutte le persone fisiche e giuridiche.<br \/>\nPuoi donare tramite<strong>&nbsp;Art Bonus (<a href=\"http:\/\/www.artbonus.gov.it%20\/\">www.artbonus.gov.it<\/a>):<\/strong><\/p>\n<ul>\n<li>Con bonifico bancario, indicando come benificiario&nbsp;La Corte Ospitale &#8211; C.F.\/P.I. 01663030359 &#8211;&nbsp;BPER \u2013 Banca Popolare dell\u2019Emilia-Romagna &#8211;&nbsp;IBAN IT75T0538766470000000720645 &#8211;&nbsp;CAUSALE: Art Bonus \u2013 La Corte Ospitale &#8211; Codice fiscale o P. Iva del mecenate &#8211; Nome Intervento (opzionale)<\/li>\n<li>Direttamente alla Corte Ospitale, a mezzo bancomat o carta di credito<\/li>\n<\/ul>\n<p><strong>Conserva la ricevuta bancaria<\/strong>&nbsp;del bonifico per consegnarla al momento della dichiarazione dei redditi.<br \/>\nInvia alla mail&nbsp;<a href=\"mailto:fundraising@corteospitale.org\">fundraising@corteospitale.org<\/a>&nbsp;la&nbsp;<strong>ricevuta del bonifico bancario e&nbsp;il <a href=\"https:\/\/corteospitale.org\/site\/wp-content\/uploads\/2021\/04\/Modulo-mecenate.pdf\">modulo allegato<\/a><\/strong>&nbsp;<strong>compilato<\/strong>&nbsp;con il consenso\/diniego alla pubblicazione dei dati perch\u00e9 siamo obbligati a pubblicare sul nostro sito e sul portale ArtBonus i contributi ricevuti.<\/p>\n<p>L\u2019importo della donazione \u00e8 libero.<br \/>\nPer fare qualche esempio:<\/p>\n<table style=\"height: 71px;\" width=\"472\">\n<tbody>\n<tr>\n<td width=\"124\">Donazione<\/td>\n<td width=\"268\">65% Credito d&#8217;imposta<\/td>\n<td width=\"161\">Costo effettivo<\/td>\n<\/tr>\n<tr>\n<td width=\"124\">\u20ac 100<\/td>\n<td width=\"268\">\u20ac 65<\/td>\n<td width=\"161\">\u20ac 35<\/td>\n<\/tr>\n<tr>\n<td width=\"124\">\u20ac 500<\/td>\n<td width=\"268\">\u20ac 325<\/td>\n<td width=\"161\">\u20ac 175<\/td>\n<\/tr>\n<tr>\n<td width=\"124\">\u20ac 1000<\/td>\n<td width=\"268\">\u20ac 650<\/td>\n<td width=\"161\">\u20ac 350<\/td>\n<\/tr>\n<\/tbody>\n<\/table>\n<p><em>Il credito d&#8217;imposta del 65% \u00e8 riconosciuto alle persone fisiche fino al limite del 15% del reddito e alle societ\u00e0 fino al 5 per mille dei ricavi annui<\/em>.<\/p>\n<h1>5xMILLE<\/h1>\n<p><strong>Che cos\u2019\u00e8 il 5\u00d71000?<\/strong><\/p>\n<p>Il 5\u00d71000 \u00e8 la quota dell\u2019IRPEF (Imposta sul Reddito delle Persone Fisiche) che un contribuente pu\u00f2 destinare con la dichiarazione dei redditi a favore di organizzazioni non profit, universit\u00e0, istituti di ricerca scientifica e associazioni con finalit\u00e0 di interesse sociale.<br \/>\nPer il cittadino il 5\u00d71000 \u00e8 una forma di sostegno al mondo non profit che non comporta nessuna spesa aggiuntiva.<\/p>\n<p><strong>Come destinarlo?<\/strong><strong><br \/>\n<\/strong>Al momento della dichiarazione dei redditi inserisci il nostro codice fiscale 01663030359 nel riquadro \u201cSostegno del volontariato e delle altre organizzazioni non lucrative di utilit\u00e0 sociale, etc.\u201d<\/p>\n","protected":false},"excerpt":{"rendered":"<p>Sostieni La Corte Ospitale e diventa parte attiva di un progetto culturale riconosciuto a livello nazionale per la qualit\u00e0 e l\u2019innovazione della proposta, rivolta tanto agli artisti quanto al territorio.&nbsp;Grazie al tuo sostegno potremo potenziare l\u2019accompagnamento per le giovani compagnie, &hellip;<\/p>\n","protected":false},"author":1,"featured_media":0,"parent":288,"menu_order":0,"comment_status":"closed","ping_status":"closed","template":"template_it_pagina_normale.php","meta":{"_acf_changed":false,"ngg_post_thumbnail":0,"footnotes":"","_links_to":"","_links_to_target":""},"class_list":["post-4997","page","type-page","status-publish","hentry"],"acf":[],"yoast_head":"<!-- This site is optimized with the Yoast SEO plugin v24.7 - https:\/\/yoast.com\/wordpress\/plugins\/seo\/ -->\n<title>Sostienici-Privati - LA CORTE OSPITALE<\/title>\n<meta name=\"robots\" content=\"index, follow, max-snippet:-1, max-image-preview:large, max-video-preview:-1\" \/>\n<link rel=\"canonical\" href=\"https:\/\/corteospitale.org\/site\/it\/sostienici-privati\/\" \/>\n<meta property=\"og:locale\" content=\"it_IT\" \/>\n<meta property=\"og:type\" content=\"article\" \/>\n<meta property=\"og:title\" content=\"Sostienici-Privati - LA CORTE OSPITALE\" \/>\n<meta property=\"og:description\" content=\"Sostieni La Corte Ospitale e diventa parte attiva di un progetto culturale riconosciuto a livello nazionale per la qualit\u00e0 e l\u2019innovazione della proposta, rivolta tanto agli artisti quanto al territorio.&nbsp;Grazie al tuo sostegno potremo potenziare l\u2019accompagnamento per le giovani compagnie, &hellip;\" \/>\n<meta property=\"og:url\" content=\"https:\/\/corteospitale.org\/site\/it\/sostienici-privati\/\" \/>\n<meta property=\"og:site_name\" content=\"LA CORTE OSPITALE\" \/>\n<meta property=\"article:publisher\" content=\"https:\/\/www.facebook.com\/corteospitale\" \/>\n<meta property=\"article:modified_time\" content=\"2021-04-20T15:25:11+00:00\" \/>\n<meta name=\"twitter:card\" content=\"summary_large_image\" \/>\n<meta name=\"twitter:label1\" content=\"Tempo di lettura stimato\" \/>\n\t<meta name=\"twitter:data1\" content=\"2 minuti\" \/>\n<script type=\"application\/ld+json\" class=\"yoast-schema-graph\">{\"@context\":\"https:\/\/schema.org\",\"@graph\":[{\"@type\":\"WebPage\",\"@id\":\"https:\/\/corteospitale.org\/site\/it\/sostienici-privati\/\",\"url\":\"https:\/\/corteospitale.org\/site\/it\/sostienici-privati\/\",\"name\":\"Sostienici-Privati - LA CORTE OSPITALE\",\"isPartOf\":{\"@id\":\"https:\/\/corteospitale.org\/site\/#website\"},\"datePublished\":\"2021-03-31T14:21:21+00:00\",\"dateModified\":\"2021-04-20T15:25:11+00:00\",\"breadcrumb\":{\"@id\":\"https:\/\/corteospitale.org\/site\/it\/sostienici-privati\/#breadcrumb\"},\"inLanguage\":\"it-IT\",\"potentialAction\":[{\"@type\":\"ReadAction\",\"target\":[\"https:\/\/corteospitale.org\/site\/it\/sostienici-privati\/\"]}]},{\"@type\":\"BreadcrumbList\",\"@id\":\"https:\/\/corteospitale.org\/site\/it\/sostienici-privati\/#breadcrumb\",\"itemListElement\":[{\"@type\":\"ListItem\",\"position\":1,\"name\":\"Home\",\"item\":\"https:\/\/corteospitale.org\/site\/\"},{\"@type\":\"ListItem\",\"position\":2,\"name\":\"it\",\"item\":\"https:\/\/corteospitale.org\/site\/it\/\"},{\"@type\":\"ListItem\",\"position\":3,\"name\":\"Sostienici-Privati\"}]},{\"@type\":\"WebSite\",\"@id\":\"https:\/\/corteospitale.org\/site\/#website\",\"url\":\"https:\/\/corteospitale.org\/site\/\",\"name\":\"LA CORTE OSPITALE\",\"description\":\"\",\"publisher\":{\"@id\":\"https:\/\/corteospitale.org\/site\/#organization\"},\"potentialAction\":[{\"@type\":\"SearchAction\",\"target\":{\"@type\":\"EntryPoint\",\"urlTemplate\":\"https:\/\/corteospitale.org\/site\/?s={search_term_string}\"},\"query-input\":{\"@type\":\"PropertyValueSpecification\",\"valueRequired\":true,\"valueName\":\"search_term_string\"}}],\"inLanguage\":\"it-IT\"},{\"@type\":\"Organization\",\"@id\":\"https:\/\/corteospitale.org\/site\/#organization\",\"name\":\"Corte Ospitale\",\"url\":\"https:\/\/corteospitale.org\/site\/\",\"logo\":{\"@type\":\"ImageObject\",\"inLanguage\":\"it-IT\",\"@id\":\"https:\/\/corteospitale.org\/site\/#\/schema\/logo\/image\/\",\"url\":\"\",\"contentUrl\":\"\",\"caption\":\"Corte Ospitale\"},\"image\":{\"@id\":\"https:\/\/corteospitale.org\/site\/#\/schema\/logo\/image\/\"},\"sameAs\":[\"https:\/\/www.facebook.com\/corteospitale\",\"https:\/\/www.instagram.com\/corteospitale\/\",\"https:\/\/www.youtube.com\/user\/LaCorteOspitale1\"]}]}<\/script>\n<!-- \/ Yoast SEO plugin. -->","yoast_head_json":{"title":"Sostienici-Privati - LA CORTE OSPITALE","robots":{"index":"index","follow":"follow","max-snippet":"max-snippet:-1","max-image-preview":"max-image-preview:large","max-video-preview":"max-video-preview:-1"},"canonical":"https:\/\/corteospitale.org\/site\/it\/sostienici-privati\/","og_locale":"it_IT","og_type":"article","og_title":"Sostienici-Privati - LA CORTE OSPITALE","og_description":"Sostieni La Corte Ospitale e diventa parte attiva di un progetto culturale riconosciuto a livello nazionale per la qualit\u00e0 e l\u2019innovazione della proposta, rivolta tanto agli artisti quanto al territorio.&nbsp;Grazie al tuo sostegno potremo potenziare l\u2019accompagnamento per le giovani compagnie, &hellip;","og_url":"https:\/\/corteospitale.org\/site\/it\/sostienici-privati\/","og_site_name":"LA CORTE OSPITALE","article_publisher":"https:\/\/www.facebook.com\/corteospitale","article_modified_time":"2021-04-20T15:25:11+00:00","twitter_card":"summary_large_image","twitter_misc":{"Tempo di lettura stimato":"2 minuti"},"schema":{"@context":"https:\/\/schema.org","@graph":[{"@type":"WebPage","@id":"https:\/\/corteospitale.org\/site\/it\/sostienici-privati\/","url":"https:\/\/corteospitale.org\/site\/it\/sostienici-privati\/","name":"Sostienici-Privati - LA CORTE OSPITALE","isPartOf":{"@id":"https:\/\/corteospitale.org\/site\/#website"},"datePublished":"2021-03-31T14:21:21+00:00","dateModified":"2021-04-20T15:25:11+00:00","breadcrumb":{"@id":"https:\/\/corteospitale.org\/site\/it\/sostienici-privati\/#breadcrumb"},"inLanguage":"it-IT","potentialAction":[{"@type":"ReadAction","target":["https:\/\/corteospitale.org\/site\/it\/sostienici-privati\/"]}]},{"@type":"BreadcrumbList","@id":"https:\/\/corteospitale.org\/site\/it\/sostienici-privati\/#breadcrumb","itemListElement":[{"@type":"ListItem","position":1,"name":"Home","item":"https:\/\/corteospitale.org\/site\/"},{"@type":"ListItem","position":2,"name":"it","item":"https:\/\/corteospitale.org\/site\/it\/"},{"@type":"ListItem","position":3,"name":"Sostienici-Privati"}]},{"@type":"WebSite","@id":"https:\/\/corteospitale.org\/site\/#website","url":"https:\/\/corteospitale.org\/site\/","name":"LA CORTE OSPITALE","description":"","publisher":{"@id":"https:\/\/corteospitale.org\/site\/#organization"},"potentialAction":[{"@type":"SearchAction","target":{"@type":"EntryPoint","urlTemplate":"https:\/\/corteospitale.org\/site\/?s={search_term_string}"},"query-input":{"@type":"PropertyValueSpecification","valueRequired":true,"valueName":"search_term_string"}}],"inLanguage":"it-IT"},{"@type":"Organization","@id":"https:\/\/corteospitale.org\/site\/#organization","name":"Corte Ospitale","url":"https:\/\/corteospitale.org\/site\/","logo":{"@type":"ImageObject","inLanguage":"it-IT","@id":"https:\/\/corteospitale.org\/site\/#\/schema\/logo\/image\/","url":"","contentUrl":"","caption":"Corte Ospitale"},"image":{"@id":"https:\/\/corteospitale.org\/site\/#\/schema\/logo\/image\/"},"sameAs":["https:\/\/www.facebook.com\/corteospitale","https:\/\/www.instagram.com\/corteospitale\/","https:\/\/www.youtube.com\/user\/LaCorteOspitale1"]}]}},"_links":{"self":[{"href":"https:\/\/corteospitale.org\/site\/wp-json\/wp\/v2\/pages\/4997","targetHints":{"allow":["GET"]}}],"collection":[{"href":"https:\/\/corteospitale.org\/site\/wp-json\/wp\/v2\/pages"}],"about":[{"href":"https:\/\/corteospitale.org\/site\/wp-json\/wp\/v2\/types\/page"}],"author":[{"embeddable":true,"href":"https:\/\/corteospitale.org\/site\/wp-json\/wp\/v2\/users\/1"}],"replies":[{"embeddable":true,"href":"https:\/\/corteospitale.org\/site\/wp-json\/wp\/v2\/comments?post=4997"}],"version-history":[{"count":7,"href":"https:\/\/corteospitale.org\/site\/wp-json\/wp\/v2\/pages\/4997\/revisions"}],"predecessor-version":[{"id":5239,"href":"https:\/\/corteospitale.org\/site\/wp-json\/wp\/v2\/pages\/4997\/revisions\/5239"}],"up":[{"embeddable":true,"href":"https:\/\/corteospitale.org\/site\/wp-json\/wp\/v2\/pages\/288"}],"wp:attachment":[{"href":"https:\/\/corteospitale.org\/site\/wp-json\/wp\/v2\/media?parent=4997"}],"curies":[{"name":"wp","href":"https:\/\/api.w.org\/{rel}","templated":true}]}}